{"id":509,"date":"2023-09-03T13:25:24","date_gmt":"2023-09-03T13:25:24","guid":{"rendered":"http:\/\/riverosbazzani.co\/?page_id=509"},"modified":"2023-10-12T00:40:30","modified_gmt":"2023-10-12T00:40:30","slug":"delitos-contra-la-actividad-empresarial","status":"publish","type":"page","link":"http:\/\/riverosbazzani.co\/en\/delitos-contra-la-actividad-empresarial\/","title":{"rendered":"Crimes against business activity"},"content":{"rendered":"<div data-elementor-type=\"wp-page\" data-elementor-id=\"509\" class=\"elementor elementor-509\" data-elementor-post-type=\"page\">\n\t\t\t\t\t\t<section class=\"elementor-section elementor-top-section elementor-element elementor-element-6d0317c elementor-section-height-min-height elementor-section-boxed elementor-section-height-default elementor-section-items-middle\" data-id=\"6d0317c\" data-element_type=\"section\" data-settings=\"{&quot;background_background&quot;:&quot;classic&quot;}\">\n\t\t\t\t\t\t<div class=\"elementor-container elementor-column-gap-default\">\n\t\t\t\t\t<div class=\"elementor-column elementor-col-100 elementor-top-column elementor-element elementor-element-a7b2cde\" data-id=\"a7b2cde\" data-element_type=\"column\">\n\t\t\t<div class=\"elementor-widget-wrap elementor-element-populated\">\n\t\t\t\t\t\t<div class=\"elementor-element elementor-element-386bae3 elementor-widget elementor-widget-heading\" data-id=\"386bae3\" data-element_type=\"widget\" data-widget_type=\"heading.default\">\n\t\t\t\t<div class=\"elementor-widget-container\">\n\t\t\t\t\t<h2 class=\"elementor-heading-title elementor-size-default\">CRIMES AGAINST BUSINESS ACTIVITY<\/h2>\t\t\t\t<\/div>\n\t\t\t\t<\/div>\n\t\t\t\t<div class=\"elementor-element elementor-element-324c3b5 elementor-widget elementor-widget-text-editor\" data-id=\"324c3b5\" data-element_type=\"widget\" data-widget_type=\"text-editor.default\">\n\t\t\t\t<div class=\"elementor-widget-container\">\n\t\t\t\t\t\t\t\t\t<p>Corporate activity can entail the occurrence of criminal act, either because a third-party attempts against a company or its employees, or because the company is the victim of criminal acts by a malicious employee. This risk becomes relevant when the shareholders of a company become aware that other partners have made improper use of resources or contracts.<\/p><p>Our firm specializes in handling complex cases within a company that may affect its economic assets, professional secrecy, the authenticity of its documents, among other conducts typical of this context, in particular:<\/p><p>Some crimes that can occur in this area are:<\/p><ul><li>Disloyal administration<\/li><li>Private corruption<\/li><li>Falsehood in document<\/li><li>Abuse of confidence<\/li><li>Theft<\/li><li>Personal data breach<\/li><li>Revelation of secret<\/li><li>Corporate fraud<\/li><\/ul>\t\t\t\t\t\t\t\t<\/div>\n\t\t\t\t<\/div>\n\t\t\t\t\t<\/div>\n\t\t<\/div>\n\t\t\t\t\t<\/div>\n\t\t<\/section>\n\t\t\t\t<\/div>","protected":false},"excerpt":{"rendered":"<p>DELITOS CONTRA LA ACTIVIDAD EMPRESARIAL La actividad empresarial es un escenario que puede presentar la ocurrencia de hechos delictivos, sea porque un tercero atenta contra una empresa o sus trabajadores, o sea porque la compa\u00f1\u00eda es v\u00edctima de actos delictivos por parte de alg\u00fan empleado malintencionado. Este riesgo toma relevancia cuando los accionistas de una [&hellip;]<\/p>","protected":false},"author":1,"featured_media":0,"parent":0,"menu_order":0,"comment_status":"closed","ping_status":"closed","template":"elementor_header_footer","meta":{"footnotes":""},"class_list":["post-509","page","type-page","status-publish","hentry"],"_links":{"self":[{"href":"http:\/\/riverosbazzani.co\/en\/wp-json\/wp\/v2\/pages\/509","targetHints":{"allow":["GET"]}}],"collection":[{"href":"http:\/\/riverosbazzani.co\/en\/wp-json\/wp\/v2\/pages"}],"about":[{"href":"http:\/\/riverosbazzani.co\/en\/wp-json\/wp\/v2\/types\/page"}],"author":[{"embeddable":true,"href":"http:\/\/riverosbazzani.co\/en\/wp-json\/wp\/v2\/users\/1"}],"replies":[{"embeddable":true,"href":"http:\/\/riverosbazzani.co\/en\/wp-json\/wp\/v2\/comments?post=509"}],"version-history":[{"count":21,"href":"http:\/\/riverosbazzani.co\/en\/wp-json\/wp\/v2\/pages\/509\/revisions"}],"predecessor-version":[{"id":979,"href":"http:\/\/riverosbazzani.co\/en\/wp-json\/wp\/v2\/pages\/509\/revisions\/979"}],"wp:attachment":[{"href":"http:\/\/riverosbazzani.co\/en\/wp-json\/wp\/v2\/media?parent=509"}],"curies":[{"name":"wp","href":"https:\/\/api.w.org\/{rel}","templated":true}]}}