{"id":516,"date":"2023-09-03T13:35:41","date_gmt":"2023-09-03T13:35:41","guid":{"rendered":"http:\/\/riverosbazzani.co\/?page_id=516"},"modified":"2023-09-03T14:35:31","modified_gmt":"2023-09-03T14:35:31","slug":"delitos-economicos-y-financieros","status":"publish","type":"page","link":"http:\/\/riverosbazzani.co\/en\/delitos-economicos-y-financieros\/","title":{"rendered":"Economic and financial crimes"},"content":{"rendered":"<div data-elementor-type=\"wp-page\" data-elementor-id=\"516\" class=\"elementor elementor-516\" data-elementor-post-type=\"page\">\n\t\t\t\t\t\t<section class=\"elementor-section elementor-top-section elementor-element elementor-element-6d0317c elementor-section-height-min-height elementor-section-boxed elementor-section-height-default elementor-section-items-middle\" data-id=\"6d0317c\" data-element_type=\"section\" data-settings=\"{&quot;background_background&quot;:&quot;classic&quot;}\">\n\t\t\t\t\t\t<div class=\"elementor-container elementor-column-gap-default\">\n\t\t\t\t\t<div class=\"elementor-column elementor-col-100 elementor-top-column elementor-element elementor-element-a7b2cde\" data-id=\"a7b2cde\" data-element_type=\"column\">\n\t\t\t<div class=\"elementor-widget-wrap elementor-element-populated\">\n\t\t\t\t\t\t<div class=\"elementor-element elementor-element-386bae3 elementor-widget elementor-widget-heading\" data-id=\"386bae3\" data-element_type=\"widget\" data-widget_type=\"heading.default\">\n\t\t\t\t<div class=\"elementor-widget-container\">\n\t\t\t\t\t<h2 class=\"elementor-heading-title elementor-size-default\">ECONOMIC AND FINANCIAL CRIMES<\/h2>\t\t\t\t<\/div>\n\t\t\t\t<\/div>\n\t\t\t\t<div class=\"elementor-element elementor-element-324c3b5 elementor-widget elementor-widget-text-editor\" data-id=\"324c3b5\" data-element_type=\"widget\" data-widget_type=\"text-editor.default\">\n\t\t\t\t<div class=\"elementor-widget-container\">\n\t\t\t\t\t\t\t\t\t<p>Our team has extensive experience in handling matters related to economic and financial crime. Handling these topics requires experience beyond criminal matters such as commercial law, company law, financial and securities market law, as well as other areas such as finance and accounting. This combination of experience and knowledge allows us to adequately address issues related to:<\/p><ul><li>Trasnational bribery<\/li><li>Money laundering<\/li><li>Domain extinction<\/li><li>Investment fraud<\/li><\/ul>\t\t\t\t\t\t\t\t<\/div>\n\t\t\t\t<\/div>\n\t\t\t\t\t<\/div>\n\t\t<\/div>\n\t\t\t\t\t<\/div>\n\t\t<\/section>\n\t\t\t\t<\/div>","protected":false},"excerpt":{"rendered":"<p>DELITOS ECON\u00d3MICOS Y FINANCIEROS Nuestro equipo cuenta con amplia experiencia en el manejo de asuntos relacionados con criminalidad econ\u00f3mico y financiera. El manejo de este tipo de asuntos requiere de experiencia m\u00e1s all\u00e1 de los asuntos penales como lo es el derecho comercial, derecho de sociedades, derecho financiero y del mercado de valores, as\u00ed como [&hellip;]<\/p>","protected":false},"author":1,"featured_media":0,"parent":0,"menu_order":0,"comment_status":"closed","ping_status":"closed","template":"elementor_header_footer","meta":{"footnotes":""},"class_list":["post-516","page","type-page","status-publish","hentry"],"_links":{"self":[{"href":"http:\/\/riverosbazzani.co\/en\/wp-json\/wp\/v2\/pages\/516","targetHints":{"allow":["GET"]}}],"collection":[{"href":"http:\/\/riverosbazzani.co\/en\/wp-json\/wp\/v2\/pages"}],"about":[{"href":"http:\/\/riverosbazzani.co\/en\/wp-json\/wp\/v2\/types\/page"}],"author":[{"embeddable":true,"href":"http:\/\/riverosbazzani.co\/en\/wp-json\/wp\/v2\/users\/1"}],"replies":[{"embeddable":true,"href":"http:\/\/riverosbazzani.co\/en\/wp-json\/wp\/v2\/comments?post=516"}],"version-history":[{"count":28,"href":"http:\/\/riverosbazzani.co\/en\/wp-json\/wp\/v2\/pages\/516\/revisions"}],"predecessor-version":[{"id":590,"href":"http:\/\/riverosbazzani.co\/en\/wp-json\/wp\/v2\/pages\/516\/revisions\/590"}],"wp:attachment":[{"href":"http:\/\/riverosbazzani.co\/en\/wp-json\/wp\/v2\/media?parent=516"}],"curies":[{"name":"wp","href":"https:\/\/api.w.org\/{rel}","templated":true}]}}