{"id":540,"date":"2023-09-03T13:57:07","date_gmt":"2023-09-03T13:57:07","guid":{"rendered":"http:\/\/riverosbazzani.co\/?page_id=540"},"modified":"2023-10-12T00:42:18","modified_gmt":"2023-10-12T00:42:18","slug":"delitos-tributarios-y-aduaneros","status":"publish","type":"page","link":"http:\/\/riverosbazzani.co\/en\/delitos-tributarios-y-aduaneros\/","title":{"rendered":"Tax crimes and customs"},"content":{"rendered":"<div data-elementor-type=\"wp-page\" data-elementor-id=\"540\" class=\"elementor elementor-540\" data-elementor-post-type=\"page\">\n\t\t\t\t\t\t<section class=\"elementor-section elementor-top-section elementor-element elementor-element-6d0317c elementor-section-height-min-height elementor-section-boxed elementor-section-height-default elementor-section-items-middle\" data-id=\"6d0317c\" data-element_type=\"section\" data-settings=\"{&quot;background_background&quot;:&quot;classic&quot;}\">\n\t\t\t\t\t\t<div class=\"elementor-container elementor-column-gap-default\">\n\t\t\t\t\t<div class=\"elementor-column elementor-col-100 elementor-top-column elementor-element elementor-element-a7b2cde\" data-id=\"a7b2cde\" data-element_type=\"column\">\n\t\t\t<div class=\"elementor-widget-wrap elementor-element-populated\">\n\t\t\t\t\t\t<div class=\"elementor-element elementor-element-386bae3 elementor-widget elementor-widget-heading\" data-id=\"386bae3\" data-element_type=\"widget\" data-widget_type=\"heading.default\">\n\t\t\t\t<div class=\"elementor-widget-container\">\n\t\t\t\t\t<h2 class=\"elementor-heading-title elementor-size-default\">TAX CRIMES AND CUSTOMS<\/h2>\t\t\t\t<\/div>\n\t\t\t\t<\/div>\n\t\t\t\t<div class=\"elementor-element elementor-element-324c3b5 elementor-widget elementor-widget-text-editor\" data-id=\"324c3b5\" data-element_type=\"widget\" data-widget_type=\"text-editor.default\">\n\t\t\t\t<div class=\"elementor-widget-container\">\n\t\t\t\t\t\t\t\t\t<p>The recent tax reforms in Colombia have meant a change in the country's fiscal policy, where tax evasion has become a more easily punishable conduct from a criminal point of view.<\/p><p>The constant creation and reform of tax crimes requires taxpayers to be prepared for investigations and proceedings before the DIAN, which may also have repercussions of interest to the Attorney General's Office. The fact that the tax authority can directly alert the criminal jurisdiction the criminal jurisdiction makes it necessary for legal and natural persons to be properly advised in order to know their possibilities of litigation and defense in the criminal field.<\/p><p>At Riveros Bazzani we have placed at the service of our business clients a group of professionals who, from the public, private and academic sectors, have acquired knowledge and experience in tax and fiscal issues with criminal implications.<\/p><p>Some crimes that can occur in this area are:<\/p><ul><li>Failure in VAT tax payments<\/li><li>Failure to declare assets or inclusion of non-existent liabilities<\/li><li>Tax fraud or evasion<\/li><li>Smuggling<\/li><li>Trasnational bribery<\/li><li>Illicit enrichment<\/li><li>Falsehood in document<\/li><li>Procedural fraud<\/li><li>Tax evasion<\/li><\/ul>\t\t\t\t\t\t\t\t<\/div>\n\t\t\t\t<\/div>\n\t\t\t\t\t<\/div>\n\t\t<\/div>\n\t\t\t\t\t<\/div>\n\t\t<\/section>\n\t\t\t\t<\/div>","protected":false},"excerpt":{"rendered":"<p>DELITOS TRIBUTARIOS Y ADUANEROS Las recientes reformas tributarias en Colombia han significado un cambio en la pol\u00edtica fiscal del pa\u00eds, en donde la evasi\u00f3n de impuestos se ha convertido en una conducta m\u00e1s f\u00e1cilmente sancionable desde lo penal. La constante creaci\u00f3n y reforma de delitos de naturaleza tributaria exige a los contribuyentes estar preparados para [&hellip;]<\/p>","protected":false},"author":1,"featured_media":0,"parent":0,"menu_order":0,"comment_status":"closed","ping_status":"closed","template":"elementor_header_footer","meta":{"footnotes":""},"class_list":["post-540","page","type-page","status-publish","hentry"],"_links":{"self":[{"href":"http:\/\/riverosbazzani.co\/en\/wp-json\/wp\/v2\/pages\/540","targetHints":{"allow":["GET"]}}],"collection":[{"href":"http:\/\/riverosbazzani.co\/en\/wp-json\/wp\/v2\/pages"}],"about":[{"href":"http:\/\/riverosbazzani.co\/en\/wp-json\/wp\/v2\/types\/page"}],"author":[{"embeddable":true,"href":"http:\/\/riverosbazzani.co\/en\/wp-json\/wp\/v2\/users\/1"}],"replies":[{"embeddable":true,"href":"http:\/\/riverosbazzani.co\/en\/wp-json\/wp\/v2\/comments?post=540"}],"version-history":[{"count":13,"href":"http:\/\/riverosbazzani.co\/en\/wp-json\/wp\/v2\/pages\/540\/revisions"}],"predecessor-version":[{"id":982,"href":"http:\/\/riverosbazzani.co\/en\/wp-json\/wp\/v2\/pages\/540\/revisions\/982"}],"wp:attachment":[{"href":"http:\/\/riverosbazzani.co\/en\/wp-json\/wp\/v2\/media?parent=540"}],"curies":[{"name":"wp","href":"https:\/\/api.w.org\/{rel}","templated":true}]}}