{"id":547,"date":"2023-09-03T14:06:46","date_gmt":"2023-09-03T14:06:46","guid":{"rendered":"http:\/\/riverosbazzani.co\/?page_id=547"},"modified":"2023-10-12T00:44:27","modified_gmt":"2023-10-12T00:44:27","slug":"delitos-contra-la-propiedad-intelectual","status":"publish","type":"page","link":"http:\/\/riverosbazzani.co\/en\/delitos-contra-la-propiedad-intelectual\/","title":{"rendered":"Delitos contra la propiedad intelectual"},"content":{"rendered":"<div data-elementor-type=\"wp-page\" data-elementor-id=\"547\" class=\"elementor elementor-547\" data-elementor-post-type=\"page\">\n\t\t\t\t\t\t<section class=\"elementor-section elementor-top-section elementor-element elementor-element-6d0317c elementor-section-height-min-height elementor-section-boxed elementor-section-height-default elementor-section-items-middle\" data-id=\"6d0317c\" data-element_type=\"section\" data-settings=\"{&quot;background_background&quot;:&quot;classic&quot;}\">\n\t\t\t\t\t\t<div class=\"elementor-container elementor-column-gap-default\">\n\t\t\t\t\t<div class=\"elementor-column elementor-col-100 elementor-top-column elementor-element elementor-element-a7b2cde\" data-id=\"a7b2cde\" data-element_type=\"column\">\n\t\t\t<div class=\"elementor-widget-wrap elementor-element-populated\">\n\t\t\t\t\t\t<div class=\"elementor-element elementor-element-386bae3 elementor-widget elementor-widget-heading\" data-id=\"386bae3\" data-element_type=\"widget\" data-widget_type=\"heading.default\">\n\t\t\t\t<div class=\"elementor-widget-container\">\n\t\t\t\t\t<h2 class=\"elementor-heading-title elementor-size-default\">CRIMES AGAINST INTELLECTUAL PROPERTY<\/h2>\t\t\t\t<\/div>\n\t\t\t\t<\/div>\n\t\t\t\t<div class=\"elementor-element elementor-element-324c3b5 elementor-widget elementor-widget-text-editor\" data-id=\"324c3b5\" data-element_type=\"widget\" data-widget_type=\"text-editor.default\">\n\t\t\t\t<div class=\"elementor-widget-container\">\n\t\t\t\t\t\t\t\t\t<p>The firm is responsible for addressing problems related to the possible impact of intellectual property rights of companies or individuals, such as the unauthorized use of trademarks, industrial designs or patents by third parties.<\/p><p>Likewise, the consulting and judicial representation carried out by our associates before authorities maintains a comprehensive approach that also protects the client's interests in the event of possible violations of moral or patrimonial copyright rights, from the perspective of victims of said violations or of defense of complaints and ongoing investigations.<\/p><p>Some crimes that can occur in this area are:<\/p><ul><li>Violation of moral copyrights<\/li><li>Violation of economic copyrights<\/li><li>Usurpation of intellectual property rights<\/li><li>Illegitimate use of patents<\/li><li>Violation of industrial or commercial reserve<\/li><\/ul>\t\t\t\t\t\t\t\t<\/div>\n\t\t\t\t<\/div>\n\t\t\t\t\t<\/div>\n\t\t<\/div>\n\t\t\t\t\t<\/div>\n\t\t<\/section>\n\t\t\t\t<\/div>","protected":false},"excerpt":{"rendered":"<p>DELITOS CONTRA LA PROPIEDAD INTELECTUAL La firma se ocupa de atender problem\u00e1ticas relacionadas con la posible afectaci\u00f3n de derechos de propiedad intelectual de empresas o personas naturales, tales como el uso no autorizado de marcas, dise\u00f1os industriales o patentes por parte de terceros. En igual forma, la consultor\u00eda y representaci\u00f3n judicial que ejercen nuestros asociados [&hellip;]<\/p>","protected":false},"author":1,"featured_media":0,"parent":0,"menu_order":0,"comment_status":"closed","ping_status":"closed","template":"elementor_header_footer","meta":{"footnotes":""},"class_list":["post-547","page","type-page","status-publish","hentry"],"_links":{"self":[{"href":"http:\/\/riverosbazzani.co\/en\/wp-json\/wp\/v2\/pages\/547","targetHints":{"allow":["GET"]}}],"collection":[{"href":"http:\/\/riverosbazzani.co\/en\/wp-json\/wp\/v2\/pages"}],"about":[{"href":"http:\/\/riverosbazzani.co\/en\/wp-json\/wp\/v2\/types\/page"}],"author":[{"embeddable":true,"href":"http:\/\/riverosbazzani.co\/en\/wp-json\/wp\/v2\/users\/1"}],"replies":[{"embeddable":true,"href":"http:\/\/riverosbazzani.co\/en\/wp-json\/wp\/v2\/comments?post=547"}],"version-history":[{"count":22,"href":"http:\/\/riverosbazzani.co\/en\/wp-json\/wp\/v2\/pages\/547\/revisions"}],"predecessor-version":[{"id":985,"href":"http:\/\/riverosbazzani.co\/en\/wp-json\/wp\/v2\/pages\/547\/revisions\/985"}],"wp:attachment":[{"href":"http:\/\/riverosbazzani.co\/en\/wp-json\/wp\/v2\/media?parent=547"}],"curies":[{"name":"wp","href":"https:\/\/api.w.org\/{rel}","templated":true}]}}