{"id":605,"date":"2023-09-03T14:53:16","date_gmt":"2023-09-03T14:53:16","guid":{"rendered":"http:\/\/riverosbazzani.co\/?page_id=605"},"modified":"2023-10-12T00:46:29","modified_gmt":"2023-10-12T00:46:29","slug":"delitos-por-violencia-sexual-y-de-genero","status":"publish","type":"page","link":"http:\/\/riverosbazzani.co\/en\/delitos-por-violencia-sexual-y-de-genero\/","title":{"rendered":"Crimes sexual violence and gender"},"content":{"rendered":"<div data-elementor-type=\"wp-page\" data-elementor-id=\"605\" class=\"elementor elementor-605\" data-elementor-post-type=\"page\">\n\t\t\t\t\t\t<section class=\"elementor-section elementor-top-section elementor-element elementor-element-6d0317c elementor-section-height-min-height elementor-section-boxed elementor-section-height-default elementor-section-items-middle\" data-id=\"6d0317c\" data-element_type=\"section\" data-settings=\"{&quot;background_background&quot;:&quot;classic&quot;}\">\n\t\t\t\t\t\t<div class=\"elementor-container elementor-column-gap-default\">\n\t\t\t\t\t<div class=\"elementor-column elementor-col-100 elementor-top-column elementor-element elementor-element-a7b2cde\" data-id=\"a7b2cde\" data-element_type=\"column\">\n\t\t\t<div class=\"elementor-widget-wrap elementor-element-populated\">\n\t\t\t\t\t\t<div class=\"elementor-element elementor-element-386bae3 elementor-widget elementor-widget-heading\" data-id=\"386bae3\" data-element_type=\"widget\" data-widget_type=\"heading.default\">\n\t\t\t\t<div class=\"elementor-widget-container\">\n\t\t\t\t\t<h2 class=\"elementor-heading-title elementor-size-default\">CRIMES SEXUAL VIOLENCE AND GENDER<\/h2>\t\t\t\t<\/div>\n\t\t\t\t<\/div>\n\t\t\t\t<div class=\"elementor-element elementor-element-324c3b5 elementor-widget elementor-widget-text-editor\" data-id=\"324c3b5\" data-element_type=\"widget\" data-widget_type=\"text-editor.default\">\n\t\t\t\t<div class=\"elementor-widget-container\">\n\t\t\t\t\t\t\t\t\t<p>The firm has extensive experience in the creation of legal strategies with a gender perspective in crimes related to freedom, integrity and sexual education, as defenders or representatives of victims.<\/p><p>Our legal team is trained to provide guidance, legal advice and comprehensive support during the investigation and trial stages of the criminal process, in order to avoid revictimizing treatments and identify biases that affect the procedure based on gender stereotypes, among other behaviors that undermine effective access to the administration of justice.<\/p><p>Riveros Bazzani works with forensic services of the highest quality for the collection of evidence oriented to this type of investigations.<\/p><p>Some crimes that can occur in this area are:<\/p><ul><li>Carnal intercourse violent<\/li><li>Sex violent<\/li><li>Access carnal violent with less than 14 years old<\/li><li>Access carnal violent with anyone placed in an inability to resist<\/li><\/ul>\t\t\t\t\t\t\t\t<\/div>\n\t\t\t\t<\/div>\n\t\t\t\t\t<\/div>\n\t\t<\/div>\n\t\t\t\t\t<\/div>\n\t\t<\/section>\n\t\t\t\t<\/div>","protected":false},"excerpt":{"rendered":"<p>DELITOS POR VIOLENCIA SEXUAL Y DE G\u00c9NERO La firma tiene alta experiencia en la creaci\u00f3n de estrategias jur\u00eddicas con perspectiva de g\u00e9nero en delitos relacionados con la libertad, integridad y formaci\u00f3n sexual, en calidad de defensores o representantes de v\u00edctimas. Nuestro equipo jur\u00eddico est\u00e1 ampliamente capacitado para orientar, asesorar jur\u00eddicamente y prestar un acompa\u00f1amiento integral [&hellip;]<\/p>","protected":false},"author":1,"featured_media":0,"parent":0,"menu_order":0,"comment_status":"closed","ping_status":"closed","template":"elementor_header_footer","meta":{"footnotes":""},"class_list":["post-605","page","type-page","status-publish","hentry"],"_links":{"self":[{"href":"http:\/\/riverosbazzani.co\/en\/wp-json\/wp\/v2\/pages\/605","targetHints":{"allow":["GET"]}}],"collection":[{"href":"http:\/\/riverosbazzani.co\/en\/wp-json\/wp\/v2\/pages"}],"about":[{"href":"http:\/\/riverosbazzani.co\/en\/wp-json\/wp\/v2\/types\/page"}],"author":[{"embeddable":true,"href":"http:\/\/riverosbazzani.co\/en\/wp-json\/wp\/v2\/users\/1"}],"replies":[{"embeddable":true,"href":"http:\/\/riverosbazzani.co\/en\/wp-json\/wp\/v2\/comments?post=605"}],"version-history":[{"count":7,"href":"http:\/\/riverosbazzani.co\/en\/wp-json\/wp\/v2\/pages\/605\/revisions"}],"predecessor-version":[{"id":988,"href":"http:\/\/riverosbazzani.co\/en\/wp-json\/wp\/v2\/pages\/605\/revisions\/988"}],"wp:attachment":[{"href":"http:\/\/riverosbazzani.co\/en\/wp-json\/wp\/v2\/media?parent=605"}],"curies":[{"name":"wp","href":"https:\/\/api.w.org\/{rel}","templated":true}]}}