{"id":629,"date":"2023-09-03T15:05:59","date_gmt":"2023-09-03T15:05:59","guid":{"rendered":"http:\/\/riverosbazzani.co\/?page_id=629"},"modified":"2023-09-03T15:07:41","modified_gmt":"2023-09-03T15:07:41","slug":"delitos-contra-la-administracion-de-justicia","status":"publish","type":"page","link":"http:\/\/riverosbazzani.co\/en\/delitos-contra-la-administracion-de-justicia\/","title":{"rendered":"Delitos contra la administraci\u00f3n  de justicia"},"content":{"rendered":"<div data-elementor-type=\"wp-page\" data-elementor-id=\"629\" class=\"elementor elementor-629\" data-elementor-post-type=\"page\">\n\t\t\t\t\t\t<section class=\"elementor-section elementor-top-section elementor-element elementor-element-6d0317c elementor-section-height-min-height elementor-section-boxed elementor-section-height-default elementor-section-items-middle\" data-id=\"6d0317c\" data-element_type=\"section\" data-settings=\"{&quot;background_background&quot;:&quot;classic&quot;}\">\n\t\t\t\t\t\t<div class=\"elementor-container elementor-column-gap-default\">\n\t\t\t\t\t<div class=\"elementor-column elementor-col-100 elementor-top-column elementor-element elementor-element-a7b2cde\" data-id=\"a7b2cde\" data-element_type=\"column\">\n\t\t\t<div class=\"elementor-widget-wrap elementor-element-populated\">\n\t\t\t\t\t\t<div class=\"elementor-element elementor-element-386bae3 elementor-widget elementor-widget-heading\" data-id=\"386bae3\" data-element_type=\"widget\" data-widget_type=\"heading.default\">\n\t\t\t\t<div class=\"elementor-widget-container\">\n\t\t\t\t\t<h2 class=\"elementor-heading-title elementor-size-default\">OFFENCES AGAINST THE ADMINISTRATION OF JUSTICE<\/h2>\t\t\t\t<\/div>\n\t\t\t\t<\/div>\n\t\t\t\t<div class=\"elementor-element elementor-element-324c3b5 elementor-widget elementor-widget-text-editor\" data-id=\"324c3b5\" data-element_type=\"widget\" data-widget_type=\"text-editor.default\">\n\t\t\t\t<div class=\"elementor-widget-container\">\n\t\t\t\t\t\t\t\t\t<p>Our portfolio of criminal defense services includes consulting, anticipation and crisis management related to actions that affect not only the justice system, but also administrative activities carried out by public entities. Our advice allows different companies to limit the risk margin in their actions, preventively protect themselves from possible criminal issues and to manage their businesses optimally in the event of an opening of criminal investigations, as well as the judicial accompaniment of clients in such a process.<\/p>\t\t\t\t\t\t\t\t<\/div>\n\t\t\t\t<\/div>\n\t\t\t\t\t<\/div>\n\t\t<\/div>\n\t\t\t\t\t<\/div>\n\t\t<\/section>\n\t\t\t\t<\/div>","protected":false},"excerpt":{"rendered":"<p>DELITOS CONTRA LA ADMINISTRACI\u00d3N DE JUSTICIA En nuestro portafolio de servicios de \u00edndole penal se halla la consultor\u00eda, anticipaci\u00f3n y manejo de crisis relacionadas con la comisi\u00f3n de conductas que afectan no solo el aparato de justicia, sino tambi\u00e9n actividades administrativas realizadas por parte de entidades p\u00fablicas. Nuestra asesor\u00eda permite a distintas empresas delimitar el [&hellip;]<\/p>","protected":false},"author":1,"featured_media":0,"parent":0,"menu_order":0,"comment_status":"closed","ping_status":"closed","template":"elementor_header_footer","meta":{"footnotes":""},"class_list":["post-629","page","type-page","status-publish","hentry"],"_links":{"self":[{"href":"http:\/\/riverosbazzani.co\/en\/wp-json\/wp\/v2\/pages\/629","targetHints":{"allow":["GET"]}}],"collection":[{"href":"http:\/\/riverosbazzani.co\/en\/wp-json\/wp\/v2\/pages"}],"about":[{"href":"http:\/\/riverosbazzani.co\/en\/wp-json\/wp\/v2\/types\/page"}],"author":[{"embeddable":true,"href":"http:\/\/riverosbazzani.co\/en\/wp-json\/wp\/v2\/users\/1"}],"replies":[{"embeddable":true,"href":"http:\/\/riverosbazzani.co\/en\/wp-json\/wp\/v2\/comments?post=629"}],"version-history":[{"count":4,"href":"http:\/\/riverosbazzani.co\/en\/wp-json\/wp\/v2\/pages\/629\/revisions"}],"predecessor-version":[{"id":634,"href":"http:\/\/riverosbazzani.co\/en\/wp-json\/wp\/v2\/pages\/629\/revisions\/634"}],"wp:attachment":[{"href":"http:\/\/riverosbazzani.co\/en\/wp-json\/wp\/v2\/media?parent=629"}],"curies":[{"name":"wp","href":"https:\/\/api.w.org\/{rel}","templated":true}]}}