{"id":747,"date":"2023-09-04T01:23:16","date_gmt":"2023-09-04T01:23:16","guid":{"rendered":"http:\/\/riverosbazzani.co\/?page_id=747"},"modified":"2023-09-04T01:54:54","modified_gmt":"2023-09-04T01:54:54","slug":"juan-david-bazzani-montoya-2","status":"publish","type":"page","link":"http:\/\/riverosbazzani.co\/en\/juan-david-bazzani-montoya-2\/","title":{"rendered":"Juan David Bazzani Montoya"},"content":{"rendered":"<div data-elementor-type=\"wp-page\" data-elementor-id=\"747\" class=\"elementor elementor-747\" data-elementor-post-type=\"page\">\n\t\t\t\t\t\t<section class=\"elementor-section elementor-top-section elementor-element elementor-element-b0a2ef9 elementor-section-height-min-height elementor-section-boxed elementor-section-height-default elementor-section-items-middle\" data-id=\"b0a2ef9\" data-element_type=\"section\" data-settings=\"{&quot;background_background&quot;:&quot;classic&quot;}\">\n\t\t\t\t\t\t<div class=\"elementor-container elementor-column-gap-default\">\n\t\t\t\t\t<div class=\"elementor-column elementor-col-50 elementor-top-column elementor-element elementor-element-2ce9077\" data-id=\"2ce9077\" data-element_type=\"column\">\n\t\t\t<div class=\"elementor-widget-wrap elementor-element-populated\">\n\t\t\t\t\t\t<div class=\"elementor-element elementor-element-118c431 elementor-widget elementor-widget-image\" data-id=\"118c431\" data-element_type=\"widget\" data-widget_type=\"image.default\">\n\t\t\t\t<div class=\"elementor-widget-container\">\n\t\t\t\t\t\t\t\t\t\t\t\t\t\t\t<img decoding=\"async\" width=\"215\" height=\"215\" src=\"https:\/\/riverosbazzani.co\/wp-content\/uploads\/2023\/09\/logo-b-lanco.png\" class=\"attachment-large size-large wp-image-19\" alt=\"\" srcset=\"https:\/\/riverosbazzani.co\/wp-content\/uploads\/2023\/09\/logo-b-lanco.png 215w, https:\/\/riverosbazzani.co\/wp-content\/uploads\/2023\/09\/logo-b-lanco-150x150.png 150w\" sizes=\"(max-width: 215px) 100vw, 215px\" \/>\t\t\t\t\t\t\t\t\t\t\t\t\t\t\t<\/div>\n\t\t\t\t<\/div>\n\t\t\t\t\t<\/div>\n\t\t<\/div>\n\t\t\t\t<div class=\"elementor-column elementor-col-50 elementor-top-column elementor-element elementor-element-8f886f6\" data-id=\"8f886f6\" data-element_type=\"column\">\n\t\t\t<div class=\"elementor-widget-wrap elementor-element-populated\">\n\t\t\t\t\t\t<div class=\"elementor-element elementor-element-04bba93 elementor-widget elementor-widget-heading\" data-id=\"04bba93\" data-element_type=\"widget\" data-widget_type=\"heading.default\">\n\t\t\t\t<div class=\"elementor-widget-container\">\n\t\t\t\t\t<h2 class=\"elementor-heading-title elementor-size-default\">OUR TEAM<\/h2>\t\t\t\t<\/div>\n\t\t\t\t<\/div>\n\t\t\t\t<div class=\"elementor-element elementor-element-1f6fbb2 elementor-widget elementor-widget-text-editor\" data-id=\"1f6fbb2\" data-element_type=\"widget\" data-widget_type=\"text-editor.default\">\n\t\t\t\t<div class=\"elementor-widget-container\">\n\t\t\t\t\t\t\t\t\t<p><strong>Each member of our team is committed to excellence in their work and strives to provide the best possible solution in each case we present.<\/strong> We are proud to work in close collaboration with our clients to understand their needs and objectives, and in order to offer effective legal representation and efficient.<\/p>\t\t\t\t\t\t\t\t<\/div>\n\t\t\t\t<\/div>\n\t\t\t\t\t<\/div>\n\t\t<\/div>\n\t\t\t\t\t<\/div>\n\t\t<\/section>\n\t\t\t\t<section class=\"elementor-section elementor-top-section elementor-element elementor-element-fa67e20 elementor-section-height-min-height elementor-section-items-top elementor-section-boxed elementor-section-height-default\" data-id=\"fa67e20\" data-element_type=\"section\">\n\t\t\t\t\t\t<div class=\"elementor-container elementor-column-gap-wide\">\n\t\t\t\t\t<div class=\"elementor-column elementor-col-50 elementor-top-column elementor-element elementor-element-853fa20\" data-id=\"853fa20\" data-element_type=\"column\">\n\t\t\t<div class=\"elementor-widget-wrap elementor-element-populated\">\n\t\t\t\t\t\t<div class=\"elementor-element elementor-element-622eb6d elementor-widget elementor-widget-image\" data-id=\"622eb6d\" data-element_type=\"widget\" data-widget_type=\"image.default\">\n\t\t\t\t<div class=\"elementor-widget-container\">\n\t\t\t\t\t\t\t\t\t\t\t\t\t\t\t<img fetchpriority=\"high\" decoding=\"async\" width=\"282\" height=\"295\" src=\"https:\/\/riverosbazzani.co\/wp-content\/uploads\/2023\/09\/Equipo-14.png\" class=\"attachment-large size-large wp-image-148\" alt=\"\" \/>\t\t\t\t\t\t\t\t\t\t\t\t\t\t\t<\/div>\n\t\t\t\t<\/div>\n\t\t\t\t<div class=\"elementor-element elementor-element-ff0a123 elementor-widget elementor-widget-heading\" data-id=\"ff0a123\" data-element_type=\"widget\" data-widget_type=\"heading.default\">\n\t\t\t\t<div class=\"elementor-widget-container\">\n\t\t\t\t\t<h2 class=\"elementor-heading-title elementor-size-default\">JOHN DAVID BAZZANI MONTOYA<\/h2>\t\t\t\t<\/div>\n\t\t\t\t<\/div>\n\t\t\t\t<div class=\"elementor-element elementor-element-09f44b2 elementor-widget elementor-widget-heading\" data-id=\"09f44b2\" data-element_type=\"widget\" data-widget_type=\"heading.default\">\n\t\t\t\t<div class=\"elementor-widget-container\">\n\t\t\t\t\t<h2 class=\"elementor-heading-title elementor-size-default\">MANAGING PARTNER<\/h2>\t\t\t\t<\/div>\n\t\t\t\t<\/div>\n\t\t\t\t<div class=\"elementor-element elementor-element-b9059fe elementor-shape-circle e-grid-align-mobile-center elementor-grid-0 e-grid-align-center elementor-widget elementor-widget-social-icons\" data-id=\"b9059fe\" data-element_type=\"widget\" data-widget_type=\"social-icons.default\">\n\t\t\t\t<div class=\"elementor-widget-container\">\n\t\t\t\t\t\t\t<div class=\"elementor-social-icons-wrapper elementor-grid\">\n\t\t\t\t\t\t\t<span class=\"elementor-grid-item\">\n\t\t\t\t\t<a class=\"elementor-icon elementor-social-icon elementor-social-icon-linkedin elementor-repeater-item-4db987f\" href=\"https:\/\/www.linkedin.com\/in\/juan-david-bazzani-montoya-bb3772196\/\" target=\"_blank\">\n\t\t\t\t\t\t<span class=\"elementor-screen-only\">Linkedin<\/span>\n\t\t\t\t\t\t<i aria-hidden=\"true\" class=\"fab fa-linkedin\"><\/i>\t\t\t\t\t<\/a>\n\t\t\t\t<\/span>\n\t\t\t\t\t<\/div>\n\t\t\t\t\t\t<\/div>\n\t\t\t\t<\/div>\n\t\t\t\t\t<\/div>\n\t\t<\/div>\n\t\t\t\t<div class=\"elementor-column elementor-col-50 elementor-top-column elementor-element elementor-element-26242f8\" data-id=\"26242f8\" data-element_type=\"column\">\n\t\t\t<div class=\"elementor-widget-wrap elementor-element-populated\">\n\t\t\t\t\t\t<div class=\"elementor-element elementor-element-417fbf0 elementor-widget elementor-widget-text-editor\" data-id=\"417fbf0\" data-element_type=\"widget\" data-widget_type=\"text-editor.default\">\n\t\t\t\t<div class=\"elementor-widget-container\">\n\t\t\t\t\t\t\t\t\t<p>Co-founding partner of Riveros Bazzani Abogados. Bazzani Montoya is a lawyer from the Externado University of Colombia with a graduate degree in criminal procedure from the same university and an LL.M in Criminal Law from the State University of New York at Buffalo \u2013SUNY Buffalo-.<\/p><p>Bazzani Montoya is also an undergraduate professor of criminal law and criminal procedure at the Externado de Colombia University. In its graduate school he is also professor of criminal evidence.<\/p><p>He worked as an advisor in the Attorney General's Office, including directly to the offices of both the Attorney General and the Deputy Attorney General, leading investigations of national impact as a prosecutor, as well as several legislative initiatives such as the Private Prosecutor Law (Law 1816\/2017), and reforms to the insurance measures regime (Law 1760\/2015 and Law 1786\/2016).<\/p><p>From the office of the prosecutor, he led several legislative process as the Act of a Private Prosecutor (Law 1816\/2017), and reforms to the regime of assurance measures (Law 1760\/2015 and Law 1786\/2016). \u200b<\/p><p>He was also a representative of the Prosecutor's Office in the High Council of Criminal Policy of the Ministry of Justice.<\/p><p>It has been highlighted for their important defenses to public servants, businesses, and economic groups. <\/p>\t\t\t\t\t\t\t\t<\/div>\n\t\t\t\t<\/div>\n\t\t\t\t\t<\/div>\n\t\t<\/div>\n\t\t\t\t\t<\/div>\n\t\t<\/section>\n\t\t\t\t<section class=\"elementor-section elementor-top-section elementor-element elementor-element-a336c48 elementor-section-boxed elementor-section-height-default elementor-section-height-default\" data-id=\"a336c48\" data-element_type=\"section\">\n\t\t\t\t\t\t<div class=\"elementor-container elementor-column-gap-default\">\n\t\t\t\t\t<div class=\"elementor-column elementor-col-100 elementor-top-column elementor-element elementor-element-db41cbd\" data-id=\"db41cbd\" data-element_type=\"column\">\n\t\t\t<div class=\"elementor-widget-wrap elementor-element-populated\">\n\t\t\t\t\t\t<div class=\"elementor-element elementor-element-1965666 elementor-widget elementor-widget-heading\" data-id=\"1965666\" data-element_type=\"widget\" data-widget_type=\"heading.default\">\n\t\t\t\t<div class=\"elementor-widget-container\">\n\t\t\t\t\t<h2 class=\"elementor-heading-title elementor-size-default\">PUBLICATIONS<\/h2>\t\t\t\t<\/div>\n\t\t\t\t<\/div>\n\t\t\t\t\t<\/div>\n\t\t<\/div>\n\t\t\t\t\t<\/div>\n\t\t<\/section>\n\t\t\t\t<section class=\"elementor-section elementor-top-section elementor-element elementor-element-22a0e1c elementor-section-height-min-height elementor-section-items-top elementor-section-boxed elementor-section-height-default\" data-id=\"22a0e1c\" data-element_type=\"section\">\n\t\t\t\t\t\t<div class=\"elementor-container elementor-column-gap-custom\">\n\t\t\t\t\t<div class=\"elementor-column elementor-col-50 elementor-top-column elementor-element elementor-element-b97597e\" data-id=\"b97597e\" data-element_type=\"column\">\n\t\t\t<div class=\"elementor-widget-wrap elementor-element-populated\">\n\t\t\t\t\t\t<div class=\"elementor-element elementor-element-882f642 elementor-widget elementor-widget-image\" data-id=\"882f642\" data-element_type=\"widget\" data-widget_type=\"image.default\">\n\t\t\t\t<div class=\"elementor-widget-container\">\n\t\t\t\t\t\t\t\t\t\t\t\t\t\t\t<img decoding=\"async\" width=\"726\" height=\"1024\" src=\"https:\/\/riverosbazzani.co\/wp-content\/uploads\/2023\/09\/Captura-de-Pantalla-2023-08-25-a-las-9.07.40-p.m-726x1024.png\" class=\"attachment-large size-large wp-image-661\" alt=\"\" srcset=\"https:\/\/riverosbazzani.co\/wp-content\/uploads\/2023\/09\/Captura-de-Pantalla-2023-08-25-a-las-9.07.40-p.m-726x1024.png 726w, https:\/\/riverosbazzani.co\/wp-content\/uploads\/2023\/09\/Captura-de-Pantalla-2023-08-25-a-las-9.07.40-p.m-213x300.png 213w, https:\/\/riverosbazzani.co\/wp-content\/uploads\/2023\/09\/Captura-de-Pantalla-2023-08-25-a-las-9.07.40-p.m-768x1084.png 768w, https:\/\/riverosbazzani.co\/wp-content\/uploads\/2023\/09\/Captura-de-Pantalla-2023-08-25-a-las-9.07.40-p.m-1088x1536.png 1088w, https:\/\/riverosbazzani.co\/wp-content\/uploads\/2023\/09\/Captura-de-Pantalla-2023-08-25-a-las-9.07.40-p.m.png 1366w\" sizes=\"(max-width: 726px) 100vw, 726px\" \/>\t\t\t\t\t\t\t\t\t\t\t\t\t\t\t<\/div>\n\t\t\t\t<\/div>\n\t\t\t\t<div class=\"elementor-element elementor-element-cb59c8b elementor-mobile-align-center elementor-align-center elementor-widget elementor-widget-button\" data-id=\"cb59c8b\" data-element_type=\"widget\" data-widget_type=\"button.default\">\n\t\t\t\t<div class=\"elementor-widget-container\">\n\t\t\t\t\t\t\t\t\t<div class=\"elementor-button-wrapper\">\n\t\t\t\t\t<a class=\"elementor-button elementor-button-link elementor-size-xs\" href=\"https:\/\/books.google.com.co\/books?id=4i6jDwAAQBAJ&#038;printsec=frontcover&#038;hl=es&#038;source=gbs_ge_summary_r&#038;cad=0#v=onepage&#038;q&#038;f=false\">\n\t\t\t\t\t\t<span class=\"elementor-button-content-wrapper\">\n\t\t\t\t\t\t\t\t\t<span class=\"elementor-button-text\">Read more<\/span>\n\t\t\t\t\t<\/span>\n\t\t\t\t\t<\/a>\n\t\t\t\t<\/div>\n\t\t\t\t\t\t\t\t<\/div>\n\t\t\t\t<\/div>\n\t\t\t\t\t<\/div>\n\t\t<\/div>\n\t\t\t\t<div class=\"elementor-column elementor-col-50 elementor-top-column elementor-element elementor-element-43acba7\" data-id=\"43acba7\" data-element_type=\"column\">\n\t\t\t<div class=\"elementor-widget-wrap elementor-element-populated\">\n\t\t\t\t\t\t<div class=\"elementor-element elementor-element-b6e5708 elementor-widget elementor-widget-image\" data-id=\"b6e5708\" data-element_type=\"widget\" data-widget_type=\"image.default\">\n\t\t\t\t<div class=\"elementor-widget-container\">\n\t\t\t\t\t\t\t\t\t\t\t\t\t\t\t<img loading=\"lazy\" decoding=\"async\" width=\"728\" height=\"1024\" src=\"https:\/\/riverosbazzani.co\/wp-content\/uploads\/2023\/09\/Captura-de-Pantalla-2023-08-25-a-las-9.07.47-p.m-728x1024.png\" class=\"attachment-large size-large wp-image-677\" alt=\"\" srcset=\"https:\/\/riverosbazzani.co\/wp-content\/uploads\/2023\/09\/Captura-de-Pantalla-2023-08-25-a-las-9.07.47-p.m-728x1024.png 728w, https:\/\/riverosbazzani.co\/wp-content\/uploads\/2023\/09\/Captura-de-Pantalla-2023-08-25-a-las-9.07.47-p.m-213x300.png 213w, https:\/\/riverosbazzani.co\/wp-content\/uploads\/2023\/09\/Captura-de-Pantalla-2023-08-25-a-las-9.07.47-p.m-768x1081.png 768w, https:\/\/riverosbazzani.co\/wp-content\/uploads\/2023\/09\/Captura-de-Pantalla-2023-08-25-a-las-9.07.47-p.m-1091x1536.png 1091w, https:\/\/riverosbazzani.co\/wp-content\/uploads\/2023\/09\/Captura-de-Pantalla-2023-08-25-a-las-9.07.47-p.m.png 1168w\" sizes=\"(max-width: 728px) 100vw, 728px\" \/>\t\t\t\t\t\t\t\t\t\t\t\t\t\t\t<\/div>\n\t\t\t\t<\/div>\n\t\t\t\t<div class=\"elementor-element elementor-element-bf137e9 elementor-mobile-align-center elementor-align-center elementor-widget elementor-widget-button\" data-id=\"bf137e9\" data-element_type=\"widget\" data-widget_type=\"button.default\">\n\t\t\t\t<div class=\"elementor-widget-container\">\n\t\t\t\t\t\t\t\t\t<div class=\"elementor-button-wrapper\">\n\t\t\t\t\t<a class=\"elementor-button elementor-button-link elementor-size-xs\" href=\"https:\/\/books.google.com.co\/books?id=Q-lJQaNBUpgC&#038;printsec=frontcover&#038;hl=es&#038;source=gbs_ge_summary_r&#038;cad=0#v=onepage&#038;q&#038;f=false\">\n\t\t\t\t\t\t<span class=\"elementor-button-content-wrapper\">\n\t\t\t\t\t\t\t\t\t<span class=\"elementor-button-text\">Read more<\/span>\n\t\t\t\t\t<\/span>\n\t\t\t\t\t<\/a>\n\t\t\t\t<\/div>\n\t\t\t\t\t\t\t\t<\/div>\n\t\t\t\t<\/div>\n\t\t\t\t\t<\/div>\n\t\t<\/div>\n\t\t\t\t\t<\/div>\n\t\t<\/section>\n\t\t\t\t<\/div>","protected":false},"excerpt":{"rendered":"<p>NUESTRO EQUIPO Cada miembro de nuestro equipo est\u00e1 comprometido con la excelencia en su trabajo y se esfuerza por brindar la mejor soluci\u00f3n posible a cada caso que se nos presenta. Nos enorgullece trabajar en estrecha colaboraci\u00f3n con nuestros clientes para comprender sus necesidades y objetivos, y as\u00ed poder ofrecer una representaci\u00f3n legal efectiva y [&hellip;]<\/p>","protected":false},"author":1,"featured_media":0,"parent":0,"menu_order":0,"comment_status":"closed","ping_status":"closed","template":"elementor_header_footer","meta":{"footnotes":""},"class_list":["post-747","page","type-page","status-publish","hentry"],"_links":{"self":[{"href":"http:\/\/riverosbazzani.co\/en\/wp-json\/wp\/v2\/pages\/747","targetHints":{"allow":["GET"]}}],"collection":[{"href":"http:\/\/riverosbazzani.co\/en\/wp-json\/wp\/v2\/pages"}],"about":[{"href":"http:\/\/riverosbazzani.co\/en\/wp-json\/wp\/v2\/types\/page"}],"author":[{"embeddable":true,"href":"http:\/\/riverosbazzani.co\/en\/wp-json\/wp\/v2\/users\/1"}],"replies":[{"embeddable":true,"href":"http:\/\/riverosbazzani.co\/en\/wp-json\/wp\/v2\/comments?post=747"}],"version-history":[{"count":16,"href":"http:\/\/riverosbazzani.co\/en\/wp-json\/wp\/v2\/pages\/747\/revisions"}],"predecessor-version":[{"id":765,"href":"http:\/\/riverosbazzani.co\/en\/wp-json\/wp\/v2\/pages\/747\/revisions\/765"}],"wp:attachment":[{"href":"http:\/\/riverosbazzani.co\/en\/wp-json\/wp\/v2\/media?parent=747"}],"curies":[{"name":"wp","href":"https:\/\/api.w.org\/{rel}","templated":true}]}}