{"id":761,"date":"2023-09-04T01:54:57","date_gmt":"2023-09-04T01:54:57","guid":{"rendered":"http:\/\/riverosbazzani.co\/?page_id=761"},"modified":"2025-03-05T19:07:43","modified_gmt":"2025-03-06T00:07:43","slug":"maria-paulina-riveros-duenas","status":"publish","type":"page","link":"http:\/\/riverosbazzani.co\/en\/maria-paulina-riveros-duenas\/","title":{"rendered":"Mar\u00eda Paulina Riveros Due\u00f1as"},"content":{"rendered":"<div data-elementor-type=\"wp-page\" data-elementor-id=\"761\" class=\"elementor elementor-761\" data-elementor-post-type=\"page\">\n\t\t\t\t\t\t<section class=\"elementor-section elementor-top-section elementor-element elementor-element-b0a2ef9 elementor-section-height-min-height elementor-section-boxed elementor-section-height-default elementor-section-items-middle\" data-id=\"b0a2ef9\" data-element_type=\"section\" data-settings=\"{&quot;background_background&quot;:&quot;classic&quot;}\">\n\t\t\t\t\t\t<div class=\"elementor-container elementor-column-gap-default\">\n\t\t\t\t\t<div class=\"elementor-column elementor-col-50 elementor-top-column elementor-element elementor-element-2ce9077\" data-id=\"2ce9077\" data-element_type=\"column\">\n\t\t\t<div class=\"elementor-widget-wrap elementor-element-populated\">\n\t\t\t\t\t\t<div class=\"elementor-element elementor-element-118c431 elementor-widget elementor-widget-image\" data-id=\"118c431\" data-element_type=\"widget\" data-widget_type=\"image.default\">\n\t\t\t\t<div class=\"elementor-widget-container\">\n\t\t\t\t\t\t\t\t\t\t\t\t\t\t\t<img decoding=\"async\" width=\"215\" height=\"215\" src=\"https:\/\/riverosbazzani.co\/wp-content\/uploads\/2023\/09\/logo-b-lanco.png\" class=\"attachment-large size-large wp-image-19\" alt=\"\" srcset=\"https:\/\/riverosbazzani.co\/wp-content\/uploads\/2023\/09\/logo-b-lanco.png 215w, https:\/\/riverosbazzani.co\/wp-content\/uploads\/2023\/09\/logo-b-lanco-150x150.png 150w\" sizes=\"(max-width: 215px) 100vw, 215px\" \/>\t\t\t\t\t\t\t\t\t\t\t\t\t\t\t<\/div>\n\t\t\t\t<\/div>\n\t\t\t\t\t<\/div>\n\t\t<\/div>\n\t\t\t\t<div class=\"elementor-column elementor-col-50 elementor-top-column elementor-element elementor-element-8f886f6\" data-id=\"8f886f6\" data-element_type=\"column\">\n\t\t\t<div class=\"elementor-widget-wrap elementor-element-populated\">\n\t\t\t\t\t\t<div class=\"elementor-element elementor-element-04bba93 elementor-widget elementor-widget-heading\" data-id=\"04bba93\" data-element_type=\"widget\" data-widget_type=\"heading.default\">\n\t\t\t\t<div class=\"elementor-widget-container\">\n\t\t\t\t\t<h2 class=\"elementor-heading-title elementor-size-default\">OUR TEAM<\/h2>\t\t\t\t<\/div>\n\t\t\t\t<\/div>\n\t\t\t\t<div class=\"elementor-element elementor-element-1f6fbb2 elementor-widget elementor-widget-text-editor\" data-id=\"1f6fbb2\" data-element_type=\"widget\" data-widget_type=\"text-editor.default\">\n\t\t\t\t<div class=\"elementor-widget-container\">\n\t\t\t\t\t\t\t\t\t<p><strong>Each member of our team is committed to excellence in their work and strives to provide the best possible solution in each case we present.<\/strong> We are proud to work in close collaboration with our clients to understand their needs and objectives, and in order to offer effective legal representation and efficient.<\/p>\t\t\t\t\t\t\t\t<\/div>\n\t\t\t\t<\/div>\n\t\t\t\t\t<\/div>\n\t\t<\/div>\n\t\t\t\t\t<\/div>\n\t\t<\/section>\n\t\t\t\t<section class=\"elementor-section elementor-top-section elementor-element elementor-element-fa67e20 elementor-section-height-min-height elementor-section-items-top elementor-section-boxed elementor-section-height-default\" data-id=\"fa67e20\" data-element_type=\"section\">\n\t\t\t\t\t\t<div class=\"elementor-container elementor-column-gap-wide\">\n\t\t\t\t\t<div class=\"elementor-column elementor-col-50 elementor-top-column elementor-element elementor-element-853fa20\" data-id=\"853fa20\" data-element_type=\"column\">\n\t\t\t<div class=\"elementor-widget-wrap elementor-element-populated\">\n\t\t\t\t\t\t<div class=\"elementor-element elementor-element-622eb6d elementor-widget elementor-widget-image\" data-id=\"622eb6d\" data-element_type=\"widget\" data-widget_type=\"image.default\">\n\t\t\t\t<div class=\"elementor-widget-container\">\n\t\t\t\t\t\t\t\t\t\t\t\t\t\t\t<img fetchpriority=\"high\" decoding=\"async\" width=\"281\" height=\"295\" src=\"https:\/\/riverosbazzani.co\/wp-content\/uploads\/2023\/09\/Equipo-15.png\" class=\"attachment-large size-large wp-image-149\" alt=\"\" \/>\t\t\t\t\t\t\t\t\t\t\t\t\t\t\t<\/div>\n\t\t\t\t<\/div>\n\t\t\t\t<div class=\"elementor-element elementor-element-ff0a123 elementor-widget elementor-widget-heading\" data-id=\"ff0a123\" data-element_type=\"widget\" data-widget_type=\"heading.default\">\n\t\t\t\t<div class=\"elementor-widget-container\">\n\t\t\t\t\t<h2 class=\"elementor-heading-title elementor-size-default\">MAR\u00cdA PAULINA RIVEROS DUE\u00d1AS<\/h2>\t\t\t\t<\/div>\n\t\t\t\t<\/div>\n\t\t\t\t<div class=\"elementor-element elementor-element-09f44b2 elementor-widget elementor-widget-heading\" data-id=\"09f44b2\" data-element_type=\"widget\" data-widget_type=\"heading.default\">\n\t\t\t\t<div class=\"elementor-widget-container\">\n\t\t\t\t\t<h2 class=\"elementor-heading-title elementor-size-default\">PARTNER<\/h2>\t\t\t\t<\/div>\n\t\t\t\t<\/div>\n\t\t\t\t<div class=\"elementor-element elementor-element-b9059fe elementor-shape-circle e-grid-align-mobile-center elementor-grid-0 e-grid-align-center elementor-widget elementor-widget-social-icons\" data-id=\"b9059fe\" data-element_type=\"widget\" data-widget_type=\"social-icons.default\">\n\t\t\t\t<div class=\"elementor-widget-container\">\n\t\t\t\t\t\t\t<div class=\"elementor-social-icons-wrapper elementor-grid\">\n\t\t\t\t\t\t\t<span class=\"elementor-grid-item\">\n\t\t\t\t\t<a class=\"elementor-icon elementor-social-icon elementor-social-icon-linkedin elementor-repeater-item-4db987f\" target=\"_blank\">\n\t\t\t\t\t\t<span class=\"elementor-screen-only\">Linkedin<\/span>\n\t\t\t\t\t\t<i aria-hidden=\"true\" class=\"fab fa-linkedin\"><\/i>\t\t\t\t\t<\/a>\n\t\t\t\t<\/span>\n\t\t\t\t\t<\/div>\n\t\t\t\t\t\t<\/div>\n\t\t\t\t<\/div>\n\t\t\t\t\t<\/div>\n\t\t<\/div>\n\t\t\t\t<div class=\"elementor-column elementor-col-50 elementor-top-column elementor-element elementor-element-26242f8\" data-id=\"26242f8\" data-element_type=\"column\">\n\t\t\t<div class=\"elementor-widget-wrap elementor-element-populated\">\n\t\t\t\t\t\t<div class=\"elementor-element elementor-element-417fbf0 elementor-widget elementor-widget-text-editor\" data-id=\"417fbf0\" data-element_type=\"widget\" data-widget_type=\"text-editor.default\">\n\t\t\t\t<div class=\"elementor-widget-container\">\n\t\t\t\t\t\t\t\t\t<p>Co-founding partner of Riveros Bazzani Abogados. Riveros Due\u00f1as is a lawyer from the Externado University of Colombia with Master's degree in Insurance Law from the Javeriana University, as well as conciliator from the Chamber of Commerce of Bogot\u00e1.<\/p><p>During her long career she has dedicated a large part of his time to public service, highlighting his work on issues related to Criminal law, transitional justice and peace processes in Colombia, the International Humanitarian Law and the International Law of Human Rights.<\/p><p>She served as Deputy Attorney General from 2016 to 2019, leading the most important investigation strategies in the implementation of the Peace Agreement with FARC-EP. She also participated in the dismantling of major organized crime cartels and anti-corruption groups.<\/p><p>She served as Deputy Attorney General from 2016 to 2019, leading the most important investigation strategies in the implementation of the Peace Agreement with FARC-EP. She also participated in the dismantling of major organized crime cartels and anti-corruption groups.<\/p><p>Se desempe\u00f1\u00f3 como jefe jur\u00eddica de la Oficina del Alto Comisionado para la Paz en dos etapas de gobierno y desde all\u00ed lider\u00f3 las discusiones sobre la jurisdicci\u00f3n penal internacional (Estatuto de Roma &#8211; Corte Penal Internacional) y su incorporaci\u00f3n al derecho penal colombiano. Del mismo modo, trabaj\u00f3 en ese despacho en las negociaciones de paz con las FARC-ep y el ELN, y promovi\u00f3 el proceso de desmovilizaci\u00f3n de las autodefensas liderando el tr\u00e1mite legislativo de la Ley 975 de 2005 y la creaci\u00f3n y puesta en marcha del Sistema Integral de Verdad, Justicia, Reparaci\u00f3n y no Repetici\u00f3n en el Marco del Acuerdo Final de Paz suscrito entre el Gobierno de Colombia y la antigua Guerrilla de las FARC.<\/p><p>Her work in the peace process earned her the Hillary Rodham Clinton Award by the Georgetown Institute for Women, Peace and Security, as well as the Colonel Guillermo Fergusson Order of Merit award awarded by the President of the Republic of Colombia. As Director of Human Rights of the Ministry of the Interior, and later as Vice Minister of that office, she designed and implemented the Personal Protection programs, creating the National State Protection Unit.<\/p>\t\t\t\t\t\t\t\t<\/div>\n\t\t\t\t<\/div>\n\t\t\t\t\t<\/div>\n\t\t<\/div>\n\t\t\t\t\t<\/div>\n\t\t<\/section>\n\t\t\t\t<\/div>","protected":false},"excerpt":{"rendered":"<p>NUESTRO EQUIPO Cada miembro de nuestro equipo est\u00e1 comprometido con la excelencia en su trabajo y se esfuerza por brindar la mejor soluci\u00f3n posible a cada caso que se nos presenta. Nos enorgullece trabajar en estrecha colaboraci\u00f3n con nuestros clientes para comprender sus necesidades y objetivos, y as\u00ed poder ofrecer una representaci\u00f3n legal efectiva y [&hellip;]<\/p>","protected":false},"author":1,"featured_media":0,"parent":0,"menu_order":0,"comment_status":"closed","ping_status":"closed","template":"elementor_header_footer","meta":{"footnotes":""},"class_list":["post-761","page","type-page","status-publish","hentry"],"_links":{"self":[{"href":"http:\/\/riverosbazzani.co\/en\/wp-json\/wp\/v2\/pages\/761","targetHints":{"allow":["GET"]}}],"collection":[{"href":"http:\/\/riverosbazzani.co\/en\/wp-json\/wp\/v2\/pages"}],"about":[{"href":"http:\/\/riverosbazzani.co\/en\/wp-json\/wp\/v2\/types\/page"}],"author":[{"embeddable":true,"href":"http:\/\/riverosbazzani.co\/en\/wp-json\/wp\/v2\/users\/1"}],"replies":[{"embeddable":true,"href":"http:\/\/riverosbazzani.co\/en\/wp-json\/wp\/v2\/comments?post=761"}],"version-history":[{"count":10,"href":"http:\/\/riverosbazzani.co\/en\/wp-json\/wp\/v2\/pages\/761\/revisions"}],"predecessor-version":[{"id":1411,"href":"http:\/\/riverosbazzani.co\/en\/wp-json\/wp\/v2\/pages\/761\/revisions\/1411"}],"wp:attachment":[{"href":"http:\/\/riverosbazzani.co\/en\/wp-json\/wp\/v2\/media?parent=761"}],"curies":[{"name":"wp","href":"https:\/\/api.w.org\/{rel}","templated":true}]}}