{"id":778,"date":"2023-09-04T01:59:26","date_gmt":"2023-09-04T01:59:26","guid":{"rendered":"http:\/\/riverosbazzani.co\/?page_id=778"},"modified":"2025-08-14T19:02:13","modified_gmt":"2025-08-15T00:02:13","slug":"andres-eduardo-jimenez-camargo","status":"publish","type":"page","link":"http:\/\/riverosbazzani.co\/en\/andres-eduardo-jimenez-camargo\/","title":{"rendered":"Andr\u00e9s Eduardo Jim\u00e9nez Camargo"},"content":{"rendered":"<div data-elementor-type=\"wp-page\" data-elementor-id=\"778\" class=\"elementor elementor-778\" data-elementor-post-type=\"page\">\n\t\t\t\t\t\t<section class=\"elementor-section elementor-top-section elementor-element elementor-element-b0a2ef9 elementor-section-height-min-height elementor-section-boxed elementor-section-height-default elementor-section-items-middle\" data-id=\"b0a2ef9\" data-element_type=\"section\" data-settings=\"{&quot;background_background&quot;:&quot;classic&quot;}\">\n\t\t\t\t\t\t<div class=\"elementor-container elementor-column-gap-default\">\n\t\t\t\t\t<div class=\"elementor-column elementor-col-50 elementor-top-column elementor-element elementor-element-2ce9077\" data-id=\"2ce9077\" data-element_type=\"column\">\n\t\t\t<div class=\"elementor-widget-wrap elementor-element-populated\">\n\t\t\t\t\t\t<div class=\"elementor-element elementor-element-118c431 elementor-widget elementor-widget-image\" data-id=\"118c431\" data-element_type=\"widget\" data-widget_type=\"image.default\">\n\t\t\t\t<div class=\"elementor-widget-container\">\n\t\t\t\t\t\t\t\t\t\t\t\t\t\t\t<img decoding=\"async\" width=\"215\" height=\"215\" src=\"https:\/\/riverosbazzani.co\/wp-content\/uploads\/2023\/09\/logo-b-lanco.png\" class=\"attachment-large size-large wp-image-19\" alt=\"\" srcset=\"https:\/\/riverosbazzani.co\/wp-content\/uploads\/2023\/09\/logo-b-lanco.png 215w, https:\/\/riverosbazzani.co\/wp-content\/uploads\/2023\/09\/logo-b-lanco-150x150.png 150w\" sizes=\"(max-width: 215px) 100vw, 215px\" \/>\t\t\t\t\t\t\t\t\t\t\t\t\t\t\t<\/div>\n\t\t\t\t<\/div>\n\t\t\t\t\t<\/div>\n\t\t<\/div>\n\t\t\t\t<div class=\"elementor-column elementor-col-50 elementor-top-column elementor-element elementor-element-8f886f6\" data-id=\"8f886f6\" data-element_type=\"column\">\n\t\t\t<div class=\"elementor-widget-wrap elementor-element-populated\">\n\t\t\t\t\t\t<div class=\"elementor-element elementor-element-04bba93 elementor-widget elementor-widget-heading\" data-id=\"04bba93\" data-element_type=\"widget\" data-widget_type=\"heading.default\">\n\t\t\t\t<div class=\"elementor-widget-container\">\n\t\t\t\t\t<h2 class=\"elementor-heading-title elementor-size-default\">OUR TEAM<\/h2>\t\t\t\t<\/div>\n\t\t\t\t<\/div>\n\t\t\t\t<div class=\"elementor-element elementor-element-1f6fbb2 elementor-widget elementor-widget-text-editor\" data-id=\"1f6fbb2\" data-element_type=\"widget\" data-widget_type=\"text-editor.default\">\n\t\t\t\t<div class=\"elementor-widget-container\">\n\t\t\t\t\t\t\t\t\t<p><strong>Each member of our team is committed to excellence in their work and strives to provide the best possible solution in each case we present.<\/strong> We are proud to work in close collaboration with our clients to understand their needs and objectives, and in order to offer effective legal representation and efficient.<\/p>\t\t\t\t\t\t\t\t<\/div>\n\t\t\t\t<\/div>\n\t\t\t\t\t<\/div>\n\t\t<\/div>\n\t\t\t\t\t<\/div>\n\t\t<\/section>\n\t\t\t\t<section class=\"elementor-section elementor-top-section elementor-element elementor-element-fa67e20 elementor-section-height-min-height elementor-section-items-top elementor-section-boxed elementor-section-height-default\" data-id=\"fa67e20\" data-element_type=\"section\">\n\t\t\t\t\t\t<div class=\"elementor-container elementor-column-gap-wide\">\n\t\t\t\t\t<div class=\"elementor-column elementor-col-50 elementor-top-column elementor-element elementor-element-853fa20\" data-id=\"853fa20\" data-element_type=\"column\">\n\t\t\t<div class=\"elementor-widget-wrap elementor-element-populated\">\n\t\t\t\t\t\t<div class=\"elementor-element elementor-element-622eb6d elementor-widget elementor-widget-image\" data-id=\"622eb6d\" data-element_type=\"widget\" data-widget_type=\"image.default\">\n\t\t\t\t<div class=\"elementor-widget-container\">\n\t\t\t\t\t\t\t\t\t\t\t\t\t\t\t<img fetchpriority=\"high\" decoding=\"async\" width=\"281\" height=\"295\" src=\"https:\/\/riverosbazzani.co\/wp-content\/uploads\/2023\/09\/Equipo-16.png\" class=\"attachment-large size-large wp-image-150\" alt=\"\" \/>\t\t\t\t\t\t\t\t\t\t\t\t\t\t\t<\/div>\n\t\t\t\t<\/div>\n\t\t\t\t<div class=\"elementor-element elementor-element-ff0a123 elementor-widget elementor-widget-heading\" data-id=\"ff0a123\" data-element_type=\"widget\" data-widget_type=\"heading.default\">\n\t\t\t\t<div class=\"elementor-widget-container\">\n\t\t\t\t\t<h2 class=\"elementor-heading-title elementor-size-default\">ANDRES EDUARDO JIMENEZ CAMARGO<\/h2>\t\t\t\t<\/div>\n\t\t\t\t<\/div>\n\t\t\t\t<div class=\"elementor-element elementor-element-09f44b2 elementor-widget elementor-widget-heading\" data-id=\"09f44b2\" data-element_type=\"widget\" data-widget_type=\"heading.default\">\n\t\t\t\t<div class=\"elementor-widget-container\">\n\t\t\t\t\t<h2 class=\"elementor-heading-title elementor-size-default\">PARTNER<\/h2>\t\t\t\t<\/div>\n\t\t\t\t<\/div>\n\t\t\t\t<div class=\"elementor-element elementor-element-b9059fe elementor-shape-circle e-grid-align-mobile-center elementor-grid-0 e-grid-align-center elementor-widget elementor-widget-social-icons\" data-id=\"b9059fe\" data-element_type=\"widget\" data-widget_type=\"social-icons.default\">\n\t\t\t\t<div class=\"elementor-widget-container\">\n\t\t\t\t\t\t\t<div class=\"elementor-social-icons-wrapper elementor-grid\">\n\t\t\t\t\t\t\t<span class=\"elementor-grid-item\">\n\t\t\t\t\t<a class=\"elementor-icon elementor-social-icon elementor-social-icon-linkedin elementor-repeater-item-4db987f\" href=\"https:\/\/www.linkedin.com\/in\/jimenezandres\/\" target=\"_blank\">\n\t\t\t\t\t\t<span class=\"elementor-screen-only\">Linkedin<\/span>\n\t\t\t\t\t\t<i aria-hidden=\"true\" class=\"fab fa-linkedin\"><\/i>\t\t\t\t\t<\/a>\n\t\t\t\t<\/span>\n\t\t\t\t\t<\/div>\n\t\t\t\t\t\t<\/div>\n\t\t\t\t<\/div>\n\t\t\t\t\t<\/div>\n\t\t<\/div>\n\t\t\t\t<div class=\"elementor-column elementor-col-50 elementor-top-column elementor-element elementor-element-26242f8\" data-id=\"26242f8\" data-element_type=\"column\">\n\t\t\t<div class=\"elementor-widget-wrap elementor-element-populated\">\n\t\t\t\t\t\t<div class=\"elementor-element elementor-element-417fbf0 elementor-widget elementor-widget-text-editor\" data-id=\"417fbf0\" data-element_type=\"widget\" data-widget_type=\"text-editor.default\">\n\t\t\t\t<div class=\"elementor-widget-container\">\n\t\t\t\t\t\t\t\t\t<p style=\"font-weight: 400;\">Lawyer from the Universidad Javeriana, he also has a Capital Markets Law specialist Degree from the same university and a LLM Finance from the Institute for Law and Finance, Goethe-Universit\u00e4t of Frankfurt (Germany). He also has a Diploma in Capital Markets Operations at CESA and a Diploma in Boards of Directors and Corporate Governance at the Universidad de los Andes.<\/p><p style=\"font-weight: 400;\">Between 2017 and 2019 he was the Deputy Attorney General against Illicit Finances of the Attorney General's Office from where he supervised and led a team of more than 500 prosecutors and investigators including the Ant- Money Laundering Unit, the Asset Forfeiture Unit and the Financial Investigations Unit. Between 2016 and 2017 he was the Director of the Economic and Financial Judicial Police (PEF).<\/p><p style=\"font-weight: 400;\">During his time in the Attorney General's Office, he led investigations of national impact and had the responsibility of coordinating with federal agencies of the United States, France, the United Kingdom, Brazil and Panama.<\/p><p style=\"font-weight: 400;\">Prior to joining Riveros, Bazzani was linked as a leading partner in the Compliance and Forensic Investigations practice of a Big 4 firm.<\/p><p style=\"font-weight: 400;\">He served as the main advisor to the liquidation of Interbolsa S.A. from where he coordinated the process for the payment in Colombia of a bond issue for USD 50 million issued in Luxembourg.<\/p><p style=\"font-weight: 400;\">In the course of his professional career, he has also held positions in the Superintendence of Finance and in the financial sector. He has also been a consultant to the Inter-American Development Bank (IDB) on issues related to the prevention of money laundering and asset forfeiture.<\/p>\t\t\t\t\t\t\t\t<\/div>\n\t\t\t\t<\/div>\n\t\t\t\t\t<\/div>\n\t\t<\/div>\n\t\t\t\t\t<\/div>\n\t\t<\/section>\n\t\t\t\t<section class=\"elementor-section elementor-top-section elementor-element elementor-element-a336c48 elementor-section-boxed elementor-section-height-default elementor-section-height-default\" data-id=\"a336c48\" data-element_type=\"section\">\n\t\t\t\t\t\t<div class=\"elementor-container elementor-column-gap-default\">\n\t\t\t\t\t<div class=\"elementor-column elementor-col-100 elementor-top-column elementor-element elementor-element-db41cbd\" data-id=\"db41cbd\" data-element_type=\"column\">\n\t\t\t<div class=\"elementor-widget-wrap elementor-element-populated\">\n\t\t\t\t\t\t<div class=\"elementor-element elementor-element-1965666 elementor-widget elementor-widget-heading\" data-id=\"1965666\" data-element_type=\"widget\" data-widget_type=\"heading.default\">\n\t\t\t\t<div class=\"elementor-widget-container\">\n\t\t\t\t\t<h2 class=\"elementor-heading-title elementor-size-default\">PUBLICATIONS<\/h2>\t\t\t\t<\/div>\n\t\t\t\t<\/div>\n\t\t\t\t\t<\/div>\n\t\t<\/div>\n\t\t\t\t\t<\/div>\n\t\t<\/section>\n\t\t\t\t<section class=\"elementor-section elementor-top-section elementor-element elementor-element-22a0e1c elementor-section-height-min-height elementor-section-items-top elementor-section-boxed elementor-section-height-default\" data-id=\"22a0e1c\" data-element_type=\"section\">\n\t\t\t\t\t\t<div class=\"elementor-container elementor-column-gap-custom\">\n\t\t\t\t\t<div class=\"elementor-column elementor-col-100 elementor-top-column elementor-element elementor-element-b97597e\" data-id=\"b97597e\" data-element_type=\"column\">\n\t\t\t<div class=\"elementor-widget-wrap elementor-element-populated\">\n\t\t\t\t\t\t<div class=\"elementor-element elementor-element-882f642 elementor-widget elementor-widget-image\" data-id=\"882f642\" data-element_type=\"widget\" data-widget_type=\"image.default\">\n\t\t\t\t<div class=\"elementor-widget-container\">\n\t\t\t\t\t\t\t\t\t\t\t\t\t\t\t<img decoding=\"async\" width=\"800\" height=\"775\" src=\"https:\/\/riverosbazzani.co\/wp-content\/uploads\/2023\/09\/Captura-de-Pantalla-2023-08-27-a-las-7.53.50-p.m-1024x992.png\" class=\"attachment-large size-large wp-image-784\" alt=\"\" srcset=\"https:\/\/riverosbazzani.co\/wp-content\/uploads\/2023\/09\/Captura-de-Pantalla-2023-08-27-a-las-7.53.50-p.m-1024x992.png 1024w, https:\/\/riverosbazzani.co\/wp-content\/uploads\/2023\/09\/Captura-de-Pantalla-2023-08-27-a-las-7.53.50-p.m-300x291.png 300w, https:\/\/riverosbazzani.co\/wp-content\/uploads\/2023\/09\/Captura-de-Pantalla-2023-08-27-a-las-7.53.50-p.m-768x744.png 768w, https:\/\/riverosbazzani.co\/wp-content\/uploads\/2023\/09\/Captura-de-Pantalla-2023-08-27-a-las-7.53.50-p.m.png 1088w\" sizes=\"(max-width: 800px) 100vw, 800px\" \/>\t\t\t\t\t\t\t\t\t\t\t\t\t\t\t<\/div>\n\t\t\t\t<\/div>\n\t\t\t\t<div class=\"elementor-element elementor-element-cb59c8b elementor-mobile-align-center elementor-align-center elementor-widget elementor-widget-button\" data-id=\"cb59c8b\" data-element_type=\"widget\" data-widget_type=\"button.default\">\n\t\t\t\t<div class=\"elementor-widget-container\">\n\t\t\t\t\t\t\t\t\t<div class=\"elementor-button-wrapper\">\n\t\t\t\t\t<a class=\"elementor-button elementor-button-link elementor-size-xs\" href=\"https:\/\/www.semana.com\/opinion\/columnistas\/articulo\/y-los-que-no-pagan-impuestos-por-andres-jimenez\/302292\/\">\n\t\t\t\t\t\t<span class=\"elementor-button-content-wrapper\">\n\t\t\t\t\t\t\t\t\t<span class=\"elementor-button-text\">Read more<\/span>\n\t\t\t\t\t<\/span>\n\t\t\t\t\t<\/a>\n\t\t\t\t<\/div>\n\t\t\t\t\t\t\t\t<\/div>\n\t\t\t\t<\/div>\n\t\t\t\t\t<\/div>\n\t\t<\/div>\n\t\t\t\t\t<\/div>\n\t\t<\/section>\n\t\t\t\t<\/div>","protected":false},"excerpt":{"rendered":"<p>NUESTRO EQUIPO Cada miembro de nuestro equipo est\u00e1 comprometido con la excelencia en su trabajo y se esfuerza por brindar la mejor soluci\u00f3n posible a cada caso que se nos presenta. Nos enorgullece trabajar en estrecha colaboraci\u00f3n con nuestros clientes para comprender sus necesidades y objetivos, y as\u00ed poder ofrecer una representaci\u00f3n legal efectiva y [&hellip;]<\/p>","protected":false},"author":1,"featured_media":0,"parent":0,"menu_order":0,"comment_status":"closed","ping_status":"closed","template":"elementor_header_footer","meta":{"footnotes":""},"class_list":["post-778","page","type-page","status-publish","hentry"],"_links":{"self":[{"href":"http:\/\/riverosbazzani.co\/en\/wp-json\/wp\/v2\/pages\/778","targetHints":{"allow":["GET"]}}],"collection":[{"href":"http:\/\/riverosbazzani.co\/en\/wp-json\/wp\/v2\/pages"}],"about":[{"href":"http:\/\/riverosbazzani.co\/en\/wp-json\/wp\/v2\/types\/page"}],"author":[{"embeddable":true,"href":"http:\/\/riverosbazzani.co\/en\/wp-json\/wp\/v2\/users\/1"}],"replies":[{"embeddable":true,"href":"http:\/\/riverosbazzani.co\/en\/wp-json\/wp\/v2\/comments?post=778"}],"version-history":[{"count":10,"href":"http:\/\/riverosbazzani.co\/en\/wp-json\/wp\/v2\/pages\/778\/revisions"}],"predecessor-version":[{"id":1526,"href":"http:\/\/riverosbazzani.co\/en\/wp-json\/wp\/v2\/pages\/778\/revisions\/1526"}],"wp:attachment":[{"href":"http:\/\/riverosbazzani.co\/en\/wp-json\/wp\/v2\/media?parent=778"}],"curies":[{"name":"wp","href":"https:\/\/api.w.org\/{rel}","templated":true}]}}