{"id":1679,"date":"2026-05-06T15:21:07","date_gmt":"2026-05-06T20:21:07","guid":{"rendered":"https:\/\/riverosbazzani.co\/?page_id=1679"},"modified":"2026-05-06T15:25:12","modified_gmt":"2026-05-06T20:25:12","slug":"the-legal-industry","status":"publish","type":"page","link":"https:\/\/riverosbazzani.co\/en\/the-legal-industry\/","title":{"rendered":"The Legal Industry"},"content":{"rendered":"<div data-elementor-type=\"wp-page\" data-elementor-id=\"1679\" class=\"elementor elementor-1679\" data-elementor-post-type=\"page\">\n\t\t\t\t\t\t<section class=\"elementor-section elementor-top-section elementor-element elementor-element-f6506fe elementor-section-height-min-height elementor-section-boxed elementor-section-height-default elementor-section-items-middle\" data-id=\"f6506fe\" data-element_type=\"section\" data-e-type=\"section\" data-settings=\"{&quot;background_background&quot;:&quot;classic&quot;}\">\n\t\t\t\t\t\t<div class=\"elementor-container elementor-column-gap-default\">\n\t\t\t\t\t<div class=\"elementor-column elementor-col-50 elementor-top-column elementor-element elementor-element-6aeea5c\" data-id=\"6aeea5c\" data-element_type=\"column\" data-e-type=\"column\">\n\t\t\t<div class=\"elementor-widget-wrap elementor-element-populated\">\n\t\t\t\t\t\t<div class=\"elementor-element elementor-element-d716a49 elementor-widget elementor-widget-image\" data-id=\"d716a49\" data-element_type=\"widget\" data-e-type=\"widget\" data-widget_type=\"image.default\">\n\t\t\t\t<div class=\"elementor-widget-container\">\n\t\t\t\t\t\t\t\t\t\t\t\t\t\t\t<img decoding=\"async\" width=\"215\" height=\"215\" src=\"https:\/\/riverosbazzani.co\/wp-content\/uploads\/2023\/09\/logo-b-lanco.png\" class=\"attachment-large size-large wp-image-19\" alt=\"\" srcset=\"https:\/\/riverosbazzani.co\/wp-content\/uploads\/2023\/09\/logo-b-lanco.png 215w, https:\/\/riverosbazzani.co\/wp-content\/uploads\/2023\/09\/logo-b-lanco-150x150.png 150w\" sizes=\"(max-width: 215px) 100vw, 215px\" \/>\t\t\t\t\t\t\t\t\t\t\t\t\t\t\t<\/div>\n\t\t\t\t<\/div>\n\t\t\t\t\t<\/div>\n\t\t<\/div>\n\t\t\t\t<div class=\"elementor-column elementor-col-50 elementor-top-column elementor-element elementor-element-8e45886\" data-id=\"8e45886\" data-element_type=\"column\" data-e-type=\"column\">\n\t\t\t<div class=\"elementor-widget-wrap elementor-element-populated\">\n\t\t\t\t\t\t<div class=\"elementor-element elementor-element-223f58f elementor-widget elementor-widget-heading\" data-id=\"223f58f\" data-element_type=\"widget\" data-e-type=\"widget\" data-widget_type=\"heading.default\">\n\t\t\t\t<div class=\"elementor-widget-container\">\n\t\t\t\t\t<h2 class=\"elementor-heading-title elementor-size-default\">THE LEGACY INDUSTRY<\/h2>\t\t\t\t<\/div>\n\t\t\t\t<\/div>\n\t\t\t\t\t<\/div>\n\t\t<\/div>\n\t\t\t\t\t<\/div>\n\t\t<\/section>\n\t\t\t\t<section class=\"elementor-section elementor-top-section elementor-element elementor-element-4b68061 elementor-section-height-min-height elementor-section-content-middle elementor-section-items-top elementor-section-boxed elementor-section-height-default\" data-id=\"4b68061\" data-element_type=\"section\" data-e-type=\"section\">\n\t\t\t\t\t\t<div class=\"elementor-container elementor-column-gap-wider\">\n\t\t\t\t\t<div class=\"elementor-column elementor-col-50 elementor-top-column elementor-element elementor-element-7b33797\" data-id=\"7b33797\" data-element_type=\"column\" data-e-type=\"column\">\n\t\t\t<div class=\"elementor-widget-wrap elementor-element-populated\">\n\t\t\t\t\t\t<div class=\"elementor-element elementor-element-4a93e5b elementor-widget elementor-widget-image\" data-id=\"4a93e5b\" data-element_type=\"widget\" data-e-type=\"widget\" data-widget_type=\"image.default\">\n\t\t\t\t<div class=\"elementor-widget-container\">\n\t\t\t\t\t\t\t\t\t\t\t\t\t\t\t<img fetchpriority=\"high\" decoding=\"async\" width=\"800\" height=\"1000\" src=\"https:\/\/riverosbazzani.co\/wp-content\/uploads\/2025\/12\/OE-Riveros-Bazzani-LIR-Colombia-Ed.22-N.2-1.jpg.crdownload-819x1024.jpeg\" class=\"attachment-large size-large wp-image-1625\" alt=\"\" srcset=\"https:\/\/riverosbazzani.co\/wp-content\/uploads\/2025\/12\/OE-Riveros-Bazzani-LIR-Colombia-Ed.22-N.2-1.jpg.crdownload-819x1024.jpeg 819w, https:\/\/riverosbazzani.co\/wp-content\/uploads\/2025\/12\/OE-Riveros-Bazzani-LIR-Colombia-Ed.22-N.2-1.jpg.crdownload-240x300.jpeg 240w, https:\/\/riverosbazzani.co\/wp-content\/uploads\/2025\/12\/OE-Riveros-Bazzani-LIR-Colombia-Ed.22-N.2-1.jpg.crdownload-768x960.jpeg 768w, https:\/\/riverosbazzani.co\/wp-content\/uploads\/2025\/12\/OE-Riveros-Bazzani-LIR-Colombia-Ed.22-N.2-1.jpg.crdownload-1229x1536.jpeg 1229w, https:\/\/riverosbazzani.co\/wp-content\/uploads\/2025\/12\/OE-Riveros-Bazzani-LIR-Colombia-Ed.22-N.2-1.jpg.crdownload-1638x2048.jpeg 1638w, https:\/\/riverosbazzani.co\/wp-content\/uploads\/2025\/12\/OE-Riveros-Bazzani-LIR-Colombia-Ed.22-N.2-1.jpg.crdownload-10x12.jpeg 10w, https:\/\/riverosbazzani.co\/wp-content\/uploads\/2025\/12\/OE-Riveros-Bazzani-LIR-Colombia-Ed.22-N.2-1.jpg.crdownload-scaled.jpeg 2048w\" sizes=\"(max-width: 800px) 100vw, 800px\" \/>\t\t\t\t\t\t\t\t\t\t\t\t\t\t\t<\/div>\n\t\t\t\t<\/div>\n\t\t\t\t\t<\/div>\n\t\t<\/div>\n\t\t\t\t<div class=\"elementor-column elementor-col-50 elementor-top-column elementor-element elementor-element-67e03e7\" data-id=\"67e03e7\" data-element_type=\"column\" data-e-type=\"column\">\n\t\t\t<div class=\"elementor-widget-wrap elementor-element-populated\">\n\t\t\t\t\t\t<div class=\"elementor-element elementor-element-916c9f6 elementor-widget elementor-widget-video\" data-id=\"916c9f6\" data-element_type=\"widget\" data-e-type=\"widget\" data-settings=\"{&quot;video_type&quot;:&quot;hosted&quot;,&quot;controls&quot;:&quot;yes&quot;}\" data-widget_type=\"video.default\">\n\t\t\t\t<div class=\"elementor-widget-container\">\n\t\t\t\t\t\t\t<div class=\"e-hosted-video elementor-wrapper elementor-open-inline\">\n\t\t\t\t\t<video class=\"elementor-video\" src=\"https:\/\/riverosbazzani.co\/wp-content\/uploads\/2025\/12\/Expert-Opinion-Riveros-Bazzani-1.mp4.crdownload.mp4\" controls=\"\" preload=\"metadata\" controlslist=\"nodownload\"><\/video>\n\t\t\t\t<\/div>\n\t\t\t\t\t\t<\/div>\n\t\t\t\t<\/div>\n\t\t\t\t<div class=\"elementor-element elementor-element-328b41e elementor-widget elementor-widget-heading\" data-id=\"328b41e\" data-element_type=\"widget\" data-e-type=\"widget\" data-widget_type=\"heading.default\">\n\t\t\t\t<div class=\"elementor-widget-container\">\n\t\t\t\t\t<h2 class=\"elementor-heading-title elementor-size-default\">THE LEGAL INDUSTRY, \nCOLOMBIA<\/h2>\t\t\t\t<\/div>\n\t\t\t\t<\/div>\n\t\t\t\t<div class=\"elementor-element elementor-element-7a90930 elementor-align-left elementor-mobile-align-center elementor-widget elementor-widget-button\" data-id=\"7a90930\" data-element_type=\"widget\" data-e-type=\"widget\" data-widget_type=\"button.default\">\n\t\t\t\t<div class=\"elementor-widget-container\">\n\t\t\t\t\t\t\t\t\t<div class=\"elementor-button-wrapper\">\n\t\t\t\t\t<a class=\"elementor-button elementor-button-link elementor-size-sm\" href=\"https:\/\/thelegalindustry.com\/colombia\/\">\n\t\t\t\t\t\t<span class=\"elementor-button-content-wrapper\">\n\t\t\t\t\t\t\t\t\t<span class=\"elementor-button-text\">Read more<\/span>\n\t\t\t\t\t<\/span>\n\t\t\t\t\t<\/a>\n\t\t\t\t<\/div>\n\t\t\t\t\t\t\t\t<\/div>\n\t\t\t\t<\/div>\n\t\t\t\t\t<\/div>\n\t\t<\/div>\n\t\t\t\t\t<\/div>\n\t\t<\/section>\n\t\t\t\t<section class=\"elementor-section elementor-top-section elementor-element elementor-element-57b31e8 elementor-section-height-min-height elementor-section-content-middle elementor-section-items-top elementor-section-boxed elementor-section-height-default\" data-id=\"57b31e8\" data-element_type=\"section\" data-e-type=\"section\">\n\t\t\t\t\t\t<div class=\"elementor-container elementor-column-gap-wider\">\n\t\t\t\t\t<div class=\"elementor-column elementor-col-33 elementor-top-column elementor-element elementor-element-6e2af61\" data-id=\"6e2af61\" data-element_type=\"column\" data-e-type=\"column\">\n\t\t\t<div class=\"elementor-widget-wrap elementor-element-populated\">\n\t\t\t\t\t\t<div class=\"elementor-element elementor-element-bd6c8d3 elementor-widget elementor-widget-video\" data-id=\"bd6c8d3\" data-element_type=\"widget\" data-e-type=\"widget\" data-settings=\"{&quot;video_type&quot;:&quot;hosted&quot;,&quot;controls&quot;:&quot;yes&quot;}\" data-widget_type=\"video.default\">\n\t\t\t\t<div class=\"elementor-widget-container\">\n\t\t\t\t\t\t\t<div class=\"e-hosted-video elementor-wrapper elementor-open-inline\">\n\t\t\t\t\t<video class=\"elementor-video\" src=\"https:\/\/riverosbazzani.co\/wp-content\/uploads\/2025\/03\/Expert-Opinion-Riveros-Bazzani.mp4\" controls=\"\" preload=\"metadata\" controlslist=\"nodownload\"><\/video>\n\t\t\t\t<\/div>\n\t\t\t\t\t\t<\/div>\n\t\t\t\t<\/div>\n\t\t\t\t<div class=\"elementor-element elementor-element-3822eb3 elementor-widget elementor-widget-heading\" data-id=\"3822eb3\" data-element_type=\"widget\" data-e-type=\"widget\" data-widget_type=\"heading.default\">\n\t\t\t\t<div class=\"elementor-widget-container\">\n\t\t\t\t\t<h2 class=\"elementor-heading-title elementor-size-default\">THE LEGAL INDUSTRY,<\/h2>\t\t\t\t<\/div>\n\t\t\t\t<\/div>\n\t\t\t\t<div class=\"elementor-element elementor-element-96ad17c elementor-widget elementor-widget-text-editor\" data-id=\"96ad17c\" data-element_type=\"widget\" data-e-type=\"widget\" data-widget_type=\"text-editor.default\">\n\t\t\t\t<div class=\"elementor-widget-container\">\n\t\t\t\t\t\t\t\t\t<p>the journal is essential for the legal world. John David Bazzani, partner Riveros Bazzani, explains if you do not pay taxes is an offence.<\/p>\t\t\t\t\t\t\t\t<\/div>\n\t\t\t\t<\/div>\n\t\t\t\t<div class=\"elementor-element elementor-element-f2f8723 elementor-align-left elementor-mobile-align-center elementor-widget__width-initial elementor-widget elementor-widget-button\" data-id=\"f2f8723\" data-element_type=\"widget\" data-e-type=\"widget\" data-widget_type=\"button.default\">\n\t\t\t\t<div class=\"elementor-widget-container\">\n\t\t\t\t\t\t\t\t\t<div class=\"elementor-button-wrapper\">\n\t\t\t\t\t<a class=\"elementor-button elementor-button-link elementor-size-sm\" href=\"https:\/\/thelegalindustry.com\/colombia\/\">\n\t\t\t\t\t\t<span class=\"elementor-button-content-wrapper\">\n\t\t\t\t\t\t\t\t\t<span class=\"elementor-button-text\">Read more<\/span>\n\t\t\t\t\t<\/span>\n\t\t\t\t\t<\/a>\n\t\t\t\t<\/div>\n\t\t\t\t\t\t\t\t<\/div>\n\t\t\t\t<\/div>\n\t\t\t\t\t<\/div>\n\t\t<\/div>\n\t\t\t\t<div class=\"elementor-column elementor-col-33 elementor-top-column elementor-element elementor-element-4a5af85\" data-id=\"4a5af85\" data-element_type=\"column\" data-e-type=\"column\">\n\t\t\t<div class=\"elementor-widget-wrap elementor-element-populated\">\n\t\t\t\t\t\t<div class=\"elementor-element elementor-element-9e68de9 elementor-widget elementor-widget-image\" data-id=\"9e68de9\" data-element_type=\"widget\" data-e-type=\"widget\" data-widget_type=\"image.default\">\n\t\t\t\t<div class=\"elementor-widget-container\">\n\t\t\t\t\t\t\t\t\t\t\t\t\t\t\t<img decoding=\"async\" src=\"https:\/\/riverosbazzani.co\/wp-content\/uploads\/elementor\/thumbs\/Captura-de-pantalla-2025-04-07-a-las-6.11.19-p.m-r41355pu60xqe0f2xocpicof985fqs6oma1f2rroe8.png\" title=\"Captura de pantalla 2025-04-07 a la(s) 6.11.19 p.m.\" alt=\"Captura de pantalla 2025-04-07 a la(s) 6.11.19 p.m.\" loading=\"lazy\" \/>\t\t\t\t\t\t\t\t\t\t\t\t\t\t\t<\/div>\n\t\t\t\t<\/div>\n\t\t\t\t<div class=\"elementor-element elementor-element-cb2b80f elementor-widget elementor-widget-heading\" data-id=\"cb2b80f\" data-element_type=\"widget\" data-e-type=\"widget\" data-widget_type=\"heading.default\">\n\t\t\t\t<div class=\"elementor-widget-container\">\n\t\t\t\t\t<h2 class=\"elementor-heading-title elementor-size-default\">THE LEGAL INDUSTRY, \nPORTUGAL<\/h2>\t\t\t\t<\/div>\n\t\t\t\t<\/div>\n\t\t\t\t<div class=\"elementor-element elementor-element-d2e508c elementor-widget elementor-widget-text-editor\" data-id=\"d2e508c\" data-element_type=\"widget\" data-e-type=\"widget\" data-widget_type=\"text-editor.default\">\n\t\t\t\t<div class=\"elementor-widget-container\">\n\t\t\t\t\t\t\t\t\t<p>The lawyer Andres Eduardo Jimenez discusses in this article the impact of this measure in high-risk areas and the implications for the management of compliance business.<\/p>\t\t\t\t\t\t\t\t<\/div>\n\t\t\t\t<\/div>\n\t\t\t\t<div class=\"elementor-element elementor-element-8c0bb10 elementor-align-left elementor-mobile-align-center elementor-widget elementor-widget-button\" data-id=\"8c0bb10\" data-element_type=\"widget\" data-e-type=\"widget\" data-widget_type=\"button.default\">\n\t\t\t\t<div class=\"elementor-widget-container\">\n\t\t\t\t\t\t\t\t\t<div class=\"elementor-button-wrapper\">\n\t\t\t\t\t<a class=\"elementor-button elementor-button-link elementor-size-sm\" href=\"https:\/\/thelegalindustry.com\/portugal\/\">\n\t\t\t\t\t\t<span class=\"elementor-button-content-wrapper\">\n\t\t\t\t\t\t\t\t\t<span class=\"elementor-button-text\">Read more<\/span>\n\t\t\t\t\t<\/span>\n\t\t\t\t\t<\/a>\n\t\t\t\t<\/div>\n\t\t\t\t\t\t\t\t<\/div>\n\t\t\t\t<\/div>\n\t\t\t\t\t<\/div>\n\t\t<\/div>\n\t\t\t\t<div class=\"elementor-column elementor-col-33 elementor-top-column elementor-element elementor-element-eeb1817\" data-id=\"eeb1817\" data-element_type=\"column\" data-e-type=\"column\">\n\t\t\t<div class=\"elementor-widget-wrap elementor-element-populated\">\n\t\t\t\t\t\t<div class=\"elementor-element elementor-element-021a90b elementor-widget elementor-widget-video\" data-id=\"021a90b\" data-element_type=\"widget\" data-e-type=\"widget\" data-settings=\"{&quot;video_type&quot;:&quot;hosted&quot;,&quot;controls&quot;:&quot;yes&quot;}\" data-widget_type=\"video.default\">\n\t\t\t\t<div class=\"elementor-widget-container\">\n\t\t\t\t\t\t\t<div class=\"e-hosted-video elementor-wrapper elementor-open-inline\">\n\t\t\t\t\t<video class=\"elementor-video\" src=\"https:\/\/riverosbazzani.co\/wp-content\/uploads\/2025\/08\/1.mp4\" controls=\"\" preload=\"metadata\" controlslist=\"nodownload\"><\/video>\n\t\t\t\t<\/div>\n\t\t\t\t\t\t<\/div>\n\t\t\t\t<\/div>\n\t\t\t\t<div class=\"elementor-element elementor-element-60620f5 elementor-widget elementor-widget-heading\" data-id=\"60620f5\" data-element_type=\"widget\" data-e-type=\"widget\" data-widget_type=\"heading.default\">\n\t\t\t\t<div class=\"elementor-widget-container\">\n\t\t\t\t\t<h2 class=\"elementor-heading-title elementor-size-default\">THE LEGAL INDUSTRY, \nVol.21 N\u00b02<\/h2>\t\t\t\t<\/div>\n\t\t\t\t<\/div>\n\t\t\t\t<div class=\"elementor-element elementor-element-68d0cc6 elementor-align-left elementor-mobile-align-center elementor-widget__width-initial elementor-widget elementor-widget-button\" data-id=\"68d0cc6\" data-element_type=\"widget\" data-e-type=\"widget\" data-widget_type=\"button.default\">\n\t\t\t\t<div class=\"elementor-widget-container\">\n\t\t\t\t\t\t\t\t\t<div class=\"elementor-button-wrapper\">\n\t\t\t\t\t<a class=\"elementor-button elementor-button-link elementor-size-sm\" href=\"https:\/\/thelegalindustry.com\/colombia\/\">\n\t\t\t\t\t\t<span class=\"elementor-button-content-wrapper\">\n\t\t\t\t\t\t\t\t\t<span class=\"elementor-button-text\">Read more<\/span>\n\t\t\t\t\t<\/span>\n\t\t\t\t\t<\/a>\n\t\t\t\t<\/div>\n\t\t\t\t\t\t\t\t<\/div>\n\t\t\t\t<\/div>\n\t\t\t\t\t<\/div>\n\t\t<\/div>\n\t\t\t\t\t<\/div>\n\t\t<\/section>\n\t\t\t\t<\/div>","protected":false},"excerpt":{"rendered":"<p>THE LEGACY INDUSTRY https:\/\/riverosbazzani.co\/wp-content\/uploads\/2025\/12\/Expert-Opinion-Riveros-Bazzani-1.mp4.crdownload.mp4 THE LEGAL INDUSTRY, COLOMBIA Leer m\u00e1s https:\/\/riverosbazzani.co\/wp-content\/uploads\/2025\/03\/Expert-Opinion-Riveros-Bazzani.mp4 THE LEGAL INDUSTRY, la revista imprescindible para el mundo jur\u00eddico. Juan David Bazzani, socio de Riveros Bazzani, explica si no pagar impuestos es un delito. Leer m\u00e1s THE LEGAL INDUSTRY, PORTUGAL El abogado Andr\u00e9s Eduardo Jim\u00e9nez analiza en este art\u00edculo el impacto de esta [&hellip;]<\/p>\n","protected":false},"author":1,"featured_media":0,"parent":0,"menu_order":0,"comment_status":"closed","ping_status":"closed","template":"elementor_header_footer","meta":{"footnotes":""},"class_list":["post-1679","page","type-page","status-publish","hentry"],"_links":{"self":[{"href":"https:\/\/riverosbazzani.co\/en\/wp-json\/wp\/v2\/pages\/1679","targetHints":{"allow":["GET"]}}],"collection":[{"href":"https:\/\/riverosbazzani.co\/en\/wp-json\/wp\/v2\/pages"}],"about":[{"href":"https:\/\/riverosbazzani.co\/en\/wp-json\/wp\/v2\/types\/page"}],"author":[{"embeddable":true,"href":"https:\/\/riverosbazzani.co\/en\/wp-json\/wp\/v2\/users\/1"}],"replies":[{"embeddable":true,"href":"https:\/\/riverosbazzani.co\/en\/wp-json\/wp\/v2\/comments?post=1679"}],"version-history":[{"count":7,"href":"https:\/\/riverosbazzani.co\/en\/wp-json\/wp\/v2\/pages\/1679\/revisions"}],"predecessor-version":[{"id":1699,"href":"https:\/\/riverosbazzani.co\/en\/wp-json\/wp\/v2\/pages\/1679\/revisions\/1699"}],"wp:attachment":[{"href":"https:\/\/riverosbazzani.co\/en\/wp-json\/wp\/v2\/media?parent=1679"}],"curies":[{"name":"wp","href":"https:\/\/api.w.org\/{rel}","templated":true}]}}