{"id":34,"date":"2023-09-01T20:55:23","date_gmt":"2023-09-01T20:55:23","guid":{"rendered":"http:\/\/riverosbazzani.co\/?page_id=34"},"modified":"2023-10-12T22:45:48","modified_gmt":"2023-10-12T22:45:48","slug":"la-firma","status":"publish","type":"page","link":"https:\/\/riverosbazzani.co\/en\/la-firma\/","title":{"rendered":"The Firm"},"content":{"rendered":"<div data-elementor-type=\"wp-page\" data-elementor-id=\"34\" class=\"elementor elementor-34\" data-elementor-post-type=\"page\">\n\t\t\t\t\t\t<section class=\"elementor-section elementor-top-section elementor-element elementor-element-fa3c26b elementor-section-height-min-height elementor-section-boxed elementor-section-height-default elementor-section-items-middle\" data-id=\"fa3c26b\" data-element_type=\"section\" data-settings=\"{&quot;background_background&quot;:&quot;classic&quot;}\">\n\t\t\t\t\t\t<div class=\"elementor-container elementor-column-gap-default\">\n\t\t\t\t\t<div class=\"elementor-column elementor-col-50 elementor-top-column elementor-element elementor-element-da8da3e\" data-id=\"da8da3e\" data-element_type=\"column\">\n\t\t\t<div class=\"elementor-widget-wrap elementor-element-populated\">\n\t\t\t\t\t\t<div class=\"elementor-element elementor-element-7377d6a elementor-widget elementor-widget-image\" data-id=\"7377d6a\" data-element_type=\"widget\" data-widget_type=\"image.default\">\n\t\t\t\t<div class=\"elementor-widget-container\">\n\t\t\t\t\t\t\t\t\t\t\t\t\t\t\t<img decoding=\"async\" width=\"215\" height=\"215\" src=\"https:\/\/riverosbazzani.co\/wp-content\/uploads\/2023\/09\/logo-b-lanco.png\" class=\"attachment-large size-large wp-image-19\" alt=\"\" srcset=\"https:\/\/riverosbazzani.co\/wp-content\/uploads\/2023\/09\/logo-b-lanco.png 215w, https:\/\/riverosbazzani.co\/wp-content\/uploads\/2023\/09\/logo-b-lanco-150x150.png 150w\" sizes=\"(max-width: 215px) 100vw, 215px\" \/>\t\t\t\t\t\t\t\t\t\t\t\t\t\t\t<\/div>\n\t\t\t\t<\/div>\n\t\t\t\t\t<\/div>\n\t\t<\/div>\n\t\t\t\t<div class=\"elementor-column elementor-col-50 elementor-top-column elementor-element elementor-element-bbf12e2\" data-id=\"bbf12e2\" data-element_type=\"column\">\n\t\t\t<div class=\"elementor-widget-wrap elementor-element-populated\">\n\t\t\t\t\t\t<div class=\"elementor-element elementor-element-91cc4eb elementor-widget elementor-widget-heading\" data-id=\"91cc4eb\" data-element_type=\"widget\" data-widget_type=\"heading.default\">\n\t\t\t\t<div class=\"elementor-widget-container\">\n\t\t\t\t\t<h2 class=\"elementor-heading-title elementor-size-default\">THE FIRM<\/h2>\t\t\t\t<\/div>\n\t\t\t\t<\/div>\n\t\t\t\t<div class=\"elementor-element elementor-element-7469cab elementor-widget elementor-widget-text-editor\" data-id=\"7469cab\" data-element_type=\"widget\" data-widget_type=\"text-editor.default\">\n\t\t\t\t<div class=\"elementor-widget-container\">\n\t\t\t\t\t\t\t\t\t<p><strong>Riveros Bazzani Lawyers<\/strong> is a boutique firm with a portfolio of specialized services designed to meet personal and business needs in criminal, disciplinary and business risk assessment matters<\/p><p>Our partners have more than 50 years of experience in the justice sector, in the executive branch of government, in investigation and prosecution at the Attorney General's Office, as well as consultants to economic groups in defense of their interests before the ordinary jurisdiction and before the Special Justice for Peace (JEP).<\/p><p>In our firm we are committed to the values of transparency and quality at the highest ethical level. In our service we combine knowledge and extensive experience in the public and private sectors, as well as our Criminal Law expertise applied to areas such as financial law, financial, corporate or tax law; in international law issues (such as human rights, humanitarian criminal law, international criminal law); in disciplinary law, transitional justice and compliance with emphasis on risk assessment with criminal impact.<\/p><p><strong>We offer our clients a strategic-based approach based on making informed decisions, issuance of comprehensive advice and crisis management to control reputational effects in high-impact situations.<\/strong><\/p>\t\t\t\t\t\t\t\t<\/div>\n\t\t\t\t<\/div>\n\t\t\t\t<div class=\"elementor-element elementor-element-3452907 elementor-mobile-align-center elementor-widget elementor-widget-button\" data-id=\"3452907\" data-element_type=\"widget\" data-widget_type=\"button.default\">\n\t\t\t\t<div class=\"elementor-widget-container\">\n\t\t\t\t\t\t\t\t\t<div class=\"elementor-button-wrapper\">\n\t\t\t\t\t<a class=\"elementor-button elementor-button-link elementor-size-sm\" href=\"http:\/\/riverosbazzani.co\/en\/areas-de-practica\/\">\n\t\t\t\t\t\t<span class=\"elementor-button-content-wrapper\">\n\t\t\t\t\t\t\t\t\t<span class=\"elementor-button-text\">Get to know all of our areas of practice<\/span>\n\t\t\t\t\t<\/span>\n\t\t\t\t\t<\/a>\n\t\t\t\t<\/div>\n\t\t\t\t\t\t\t\t<\/div>\n\t\t\t\t<\/div>\n\t\t\t\t\t<\/div>\n\t\t<\/div>\n\t\t\t\t\t<\/div>\n\t\t<\/section>\n\t\t\t\t<section class=\"elementor-section elementor-top-section elementor-element elementor-element-76bd5f8 elementor-section-height-min-height elementor-section-items-top elementor-section-content-top elementor-section-boxed elementor-section-height-default\" data-id=\"76bd5f8\" data-element_type=\"section\">\n\t\t\t\t\t\t<div class=\"elementor-container elementor-column-gap-wider\">\n\t\t\t\t\t<div class=\"elementor-column elementor-col-33 elementor-top-column elementor-element elementor-element-9aaac20\" data-id=\"9aaac20\" data-element_type=\"column\">\n\t\t\t<div class=\"elementor-widget-wrap elementor-element-populated\">\n\t\t\t\t\t\t<div class=\"elementor-element elementor-element-fbe492e elementor-view-default elementor-position-block-start elementor-mobile-position-block-start elementor-widget elementor-widget-icon-box\" data-id=\"fbe492e\" data-element_type=\"widget\" data-widget_type=\"icon-box.default\">\n\t\t\t\t<div class=\"elementor-widget-container\">\n\t\t\t\t\t\t\t<div class=\"elementor-icon-box-wrapper\">\n\n\t\t\t\t\t\t<div class=\"elementor-icon-box-icon\">\n\t\t\t\t<span  class=\"elementor-icon elementor-animation-grow\">\n\t\t\t\t<svg xmlns=\"http:\/\/www.w3.org\/2000\/svg\" id=\"Capa_1\" viewbox=\"0 0 71.57 71.47\"><defs><style>.cls-1{fill:#bd9459;stroke-width:0px;}<\/style><\/defs><path class=\"cls-1\" d=\"m4.62,13.86c0,4.66.02,9.32.02,13.97,0,.83-.1,1.66-.06,2.48.06,1.17.2,2.34.33,3.51.09.83.16,1.67.36,2.48.42,1.76.82,3.53,1.4,5.23,1.15,3.39,2.79,6.54,4.78,9.52,1.02,1.53.37,3.23-1.53,3.61-.82.17-1.53-.27-1.99-.91-1.87-2.65-3.52-5.43-4.73-8.46-1.05-2.65-1.77-5.38-2.39-8.15-.25-1.14-.34-2.31-.48-3.47-.13-1.15-.25-2.3-.34-3.46-.03-.48.06-.97.06-1.46,0-5.34,0-10.68,0-16.03,0-.52-.01-1.03.03-1.55.13-1.58,1.1-1.91,2.28-2.01,1.15-.09,2.32-.05,3.47-.11,1.97-.11,3.74-.84,5.34-1.94,1.58-1.09,2.87-2.47,3.67-4.24.16-.35.28-.73.41-1.09.36-.95.91-1.71,2.16-1.78.57-.03,1.14-.02,1.71-.02C30.51,0,41.86,0,53.21,0c.94,0,1.87.03,2.5.85.28.36.48.79.65,1.21.93,2.29,2.47,4.07,4.52,5.4,1.34.87,2.8,1.46,4.42,1.58.98.07,1.96.05,2.93.14.68.06,1.36.19,2.01.39.86.27,1.23.96,1.28,1.84.02.32.03.65.03.97,0,5.29.02,10.57,0,15.86-.01,1.69-.1,3.39-.26,5.08-.25,2.63-.77,5.23-1.51,7.77-.87,2.97-1.91,5.89-3.46,8.57-1.07,1.86-2.24,3.67-3.56,5.36-1.42,1.82-2.95,3.58-4.61,5.18-2.65,2.57-5.57,4.81-8.87,6.54-2.59,1.36-5.23,2.58-8.05,3.37-1.7.48-3.4.96-5.13,1.32-.58.12-1.26-.07-1.87-.21-4.04-.89-7.93-2.24-11.55-4.24-2.05-1.13-4-2.46-5.91-3.82-1.02-.72-1.91-1.65-2.79-2.55-.8-.81-.68-2.09.07-2.93.84-.96,2.44-.82,3.28.01,1.97,1.95,4.27,3.46,6.66,4.84,2.46,1.42,5.05,2.57,7.78,3.37,1.15.34,2.28.79,3.45.95.81.11,1.69-.15,2.51-.35,3.28-.81,6.36-2.1,9.33-3.7,2.41-1.3,4.62-2.85,6.71-4.64,3.27-2.81,5.88-6.13,8.06-9.83,1.94-3.28,3.29-6.8,4.18-10.49.39-1.63.57-3.33.71-5.01.55-6.32.15-12.66.25-18.99,0-.01-.02-.03-.03-.04-.59-.06-1.19-.16-1.78-.17-1.42-.02-2.72-.53-4.02-.98-2.35-.82-4.36-2.2-5.98-4.07-.94-1.09-1.66-2.36-2.43-3.59-.17-.28-.29-.41-.63-.41-10.61,0-21.22.02-31.83-.01-.9,0-1.38.24-1.85,1.1-1.76,3.3-4.42,5.65-7.96,6.94-1.56.57-3.16,1.03-4.85,1.03-.31,0-.62.08-.94.12-.02.04-.05.08-.07.12Z\"><\/path><path class=\"cls-1\" d=\"m35.75,9.13c3.97,0,7.95.05,11.92-.03,1.46-.03,2.53.43,3.34,1.62,1.02,1.5,2.4,2.63,3.84,3.69,1.72,1.27,3.6,2.26,5.64,2.94,1.73.58,1.85,1.29,1.88,2.54.08,3.48.14,6.96,0,10.43-.14,3.49-.8,6.92-2,10.23-.78,2.14-1.72,4.2-2.88,6.17-.85,1.44-2.55,1.7-3.5.91-.81-.67-1.22-1.83-.6-2.91,1.2-2.11,2.35-4.25,3.02-6.59.45-1.59.79-3.23,1.08-4.86.63-3.56.31-7.17.37-10.75.02-1.34-.03-1.27-1.3-1.84-1.8-.8-3.53-1.77-5.03-3.08-1.3-1.14-2.5-2.4-3.75-3.58-.16-.15-.41-.25-.63-.26-.87-.04-1.75-.04-2.62-.04-6.39,0-12.78.03-19.16-.04-1.01-.01-1.6.38-2.24,1.03-1.06,1.08-2.15,2.16-3.34,3.09-1.75,1.36-3.67,2.46-5.75,3.27-.18.07-.34.44-.33.67,0,2.51.03,5.01.07,7.52.02,1.25.02,2.5.16,3.74.3,2.71,1.07,5.31,2.2,7.8.85,1.87,1.74,3.73,2.99,5.37,1.31,1.72,2.69,3.37,4.32,4.81,2,1.77,4.18,3.29,6.57,4.45,1.65.8,3.42,1.37,5.15,2.01.89.33,1.71-.09,2.51-.38,2.31-.83,4.55-1.82,6.58-3.22,1.23-.85,2.47-1.72,3.6-2.7.81-.7,2.52-.84,3.38.31.62.83.62,2.3-.42,3.17-1.68,1.41-3.44,2.7-5.33,3.82-2.31,1.36-4.78,2.36-7.35,3.1-.74.21-1.48.47-2.24.55-1.17.12-2.23-.44-3.32-.78-3.15-.97-6.1-2.37-8.8-4.25-1.96-1.37-3.73-2.95-5.37-4.71-2.31-2.49-4.31-5.18-5.78-8.24-1.23-2.54-2.1-5.22-2.69-7.98-.28-1.3-.45-2.63-.57-3.96-.38-4.28-.14-8.58-.11-12.86,0-1.07.82-1.69,1.76-1.99,2.4-.77,4.61-1.92,6.52-3.54,1.28-1.09,2.41-2.38,3.53-3.65.48-.54.99-.92,1.68-.94,1.37-.05,2.74-.04,4.11-.04,2.97,0,5.93,0,8.9,0h0Z\"><\/path><path class=\"cls-1\" d=\"m42.23,31.87c1.22.9,2.47,1.65,3.5,2.64.97.93,1.72,2.1,2.51,3.2.95,1.32,1.38,2.87,1.69,4.43.2.97.21,1.97.25,2.97.03.76-.63,1.59-1.4,1.82-.44.13-.9.23-1.36.23-7.91,0-15.82,0-23.73,0-1.34,0-2.37-1.06-2.36-2.41.01-3.26,1.12-6.12,3.15-8.65,1.22-1.52,2.67-2.78,4.35-3.76.19-.11.39-.19.65-.31-1.43-1.63-2.2-3.54-2.08-5.65.13-2.22.98-4.19,2.64-5.8,2.89-2.8,7.05-2.8,10.09-1.05,2.21,1.27,3.47,3.28,3.84,5.79.37,2.47-.18,4.74-1.75,6.58Zm3.16,10.71c-.5-3.16-3.94-7-8.2-7.5-5.51-.65-9.69,2.6-11.06,7.5h19.26Zm-9.57-12.18c1.86.18,3.96-1.55,3.78-3.97-.13-1.73-1.66-3.66-4.12-3.59-1.66.05-3.58,1.82-3.54,3.76.04,1.92,1.62,3.93,3.88,3.8Z\"><\/path><path class=\"cls-1\" d=\"m4.62,13.86s.05-.08.07-.12c-.02.04-.05.08-.07.12Z\"><\/path><\/svg>\t\t\t\t<\/span>\n\t\t\t<\/div>\n\t\t\t\n\t\t\t\t\t\t<div class=\"elementor-icon-box-content\">\n\n\t\t\t\t\t\t\t\t\t<h3 class=\"elementor-icon-box-title\">\n\t\t\t\t\t\t<span  >\n\t\t\t\t\t\t\tMISSION\t\t\t\t\t\t<\/span>\n\t\t\t\t\t<\/h3>\n\t\t\t\t\n\t\t\t\t\t\t\t\t\t<p class=\"elementor-icon-box-description\">\n\t\t\t\t\t\t<b>Our objective is to protect the rights, integrity and reputation of individuals and companies, the confidence of their investors and clients, and to guarantee the peace of mind of their partners, managers and employees.<\/b>, the integrity and the reputation of the individuals and companies, to protect, to the confidence of its investors and clients; and to ensure the tranquility of its partners, officers and employees.\t\t\t\t\t<\/p>\n\t\t\t\t\n\t\t\t<\/div>\n\t\t\t\n\t\t<\/div>\n\t\t\t\t\t\t<\/div>\n\t\t\t\t<\/div>\n\t\t\t\t\t<\/div>\n\t\t<\/div>\n\t\t\t\t<div class=\"elementor-column elementor-col-33 elementor-top-column elementor-element elementor-element-96b7a80\" data-id=\"96b7a80\" data-element_type=\"column\">\n\t\t\t<div class=\"elementor-widget-wrap elementor-element-populated\">\n\t\t\t\t\t\t<div class=\"elementor-element elementor-element-1751b23 elementor-view-default elementor-position-block-start elementor-mobile-position-block-start elementor-widget elementor-widget-icon-box\" data-id=\"1751b23\" data-element_type=\"widget\" data-widget_type=\"icon-box.default\">\n\t\t\t\t<div class=\"elementor-widget-container\">\n\t\t\t\t\t\t\t<div class=\"elementor-icon-box-wrapper\">\n\n\t\t\t\t\t\t<div class=\"elementor-icon-box-icon\">\n\t\t\t\t<span  class=\"elementor-icon elementor-animation-grow\">\n\t\t\t\t<svg xmlns=\"http:\/\/www.w3.org\/2000\/svg\" id=\"Capa_1\" viewbox=\"0 0 68.73 72.22\"><defs><style>.cls-1{fill:#bd9459;stroke:#bd9459;stroke-miterlimit:10;stroke-width:.75px;}<\/style><\/defs><path class=\"cls-1\" d=\"m10.61,10.58c0-.98-.01-1.94,0-2.9.02-1.07-.04-2.15.11-3.2.27-1.96,2.09-3.85,4.09-4,.58-.04,1.16-.1,1.74-.1,12.05,0,24.09,0,36.14,0,1.44,0,2.79.33,3.87,1.34.93.86,1.51,1.95,1.55,3.22.05,1.85.01,3.7.01,5.66.66,0,1.22,0,1.78,0,1.17,0,2.35-.03,3.52.02.98.04,1.97.09,2.91.32,1.14.28,1.95,1.49,1.99,2.54.05,1.35.04,2.72-.12,4.05-.21,1.75-.58,3.48-.88,5.22-.48,2.76-1.38,5.37-2.6,7.88-1.32,2.72-3.1,5.1-5.34,7.13-1.37,1.25-2.93,2.24-4.67,2.9-.63.24-.89.78-1.23,1.26-1.18,1.66-2.39,3.27-3.85,4.71-1.65,1.63-3.31,3.24-5.29,4.46-.79.49-1.66.88-2.51,1.25-.41.18-.65.33-.63.85.05,1.15.04,2.31.01,3.46-.04,1.68,1.68,3.37,3.3,3.31,1.66-.06,3.33-.01,4.99,0,2.58.01,4.8.89,6.52,2.83,1.04,1.17,1.82,2.51,1.98,4.13.07.76.13,1.53.11,2.29-.04,1.03-1.43,2.37-2.56,2.54-.42.06-.85.1-1.28.1-13.43,0-26.86,0-40.28,0-1.76,0-3.47-1.51-3.44-3.4.05-2.48.94-4.57,2.73-6.23,1.3-1.21,2.85-2.06,4.68-2.13,2.05-.08,4.11-.11,6.17-.12,1.63-.01,3.32-1.41,3.35-2.99.03-1.33.08-2.67.1-4,0-.13-.19-.32-.33-.38-1.86-.77-3.58-1.79-5.09-3.14-1.36-1.21-2.74-2.42-3.97-3.76-1.12-1.22-2.12-2.58-3.04-3.96-.43-.64-.97-.95-1.62-1.22-1.47-.6-2.73-1.5-3.92-2.54-2.51-2.17-4.39-4.81-5.8-7.79-1.11-2.33-1.94-4.76-2.4-7.31-.33-1.81-.58-3.64-.81-5.47-.14-1.13-.18-2.27-.24-3.41-.09-1.88,1.46-3.39,3.41-3.41,2.25-.03,4.49,0,6.83,0Zm47.61,3.51s0,.09-.01.13c0,.15.02.3.02.45,0,3.84,0,7.68-.02,11.51,0,1.18-.11,2.36-.2,3.54-.13,1.65-.43,3.28-.98,4.85-.11.3-.13.63-.19.94.05.02.11.05.16.07.96-1.08,1.98-2.1,2.86-3.24,1.5-1.95,2.45-4.21,3.24-6.51.51-1.49.86-3.04,1.14-4.59.28-1.52.41-3.08.58-4.62.08-.71.01-1.43.14-2.12.09-.49-.07-.52-.45-.52-1.66-.01-3.32-.06-4.98-.06-.44,0-.87.11-1.31.17ZM11.62,34.41c-.02-.11-.03-.22-.06-.32-.52-2.02-.96-4.04-.95-6.15.03-4.37,0-8.73,0-13.1,0-.29,0-.59,0-.86H3.68c.11,1.37.2,2.65.33,3.92.13,1.21.24,2.43.46,3.63.48,2.52,1.29,4.93,2.39,7.25,1.05,2.23,2.33,4.3,4.18,5.96.26.28.52.57.79.85.06-.04.13-.08.19-.12-.13-.36-.26-.71-.39-1.07ZM34.3,3.76c-6.18,0-12.37.01-18.55-.01-.94,0-1.78.65-1.78,1.79.04,7.43.01,14.86.03,22.29,0,1.1.06,2.21.24,3.29.35,2.08,1.09,4.04,1.99,5.95,1,2.11,2.33,3.97,3.89,5.7,1.63,1.81,3.32,3.58,5.33,4.96,3.33,2.29,6.98,3.36,11.06,2.7,2.47-.4,4.78-1.21,6.76-2.73,1.56-1.19,3-2.56,4.4-3.94,1.06-1.05,2.05-2.19,2.92-3.39,2.76-3.81,4.17-8.12,4.22-12.8.08-7.22.03-14.44,0-21.67,0-.5-.19-1.06-.46-1.5-.35-.57-1.01-.64-1.64-.64-6.14,0-12.29,0-18.43,0Zm3.57,50.06h-6.86c0,.98.03,1.91,0,2.83-.06,1.77-.68,3.33-1.91,4.6-1.36,1.41-3.08,2.03-5.01,2.09-1.47.04-2.95.05-4.42,0-1.82-.06-3.34.48-4.54,1.89-.79.93-1.2,1.96-1.11,3.21h40.87c-.05-.3-.11-.57-.14-.83-.24-2.35-2.58-4.3-5.04-4.27-1.83.02-3.67.02-5.5,0-.44,0-.88-.1-1.3-.2-1.52-.37-2.74-1.25-3.68-2.46-.8-1.02-1.34-2.19-1.35-3.54,0-1.13,0-2.26,0-3.33Z\"><\/path><path class=\"cls-1\" d=\"m11.04,34.75c.19-.11.39-.23.58-.34.13.36.26.71.39,1.07-.06.04-.13.08-.19.12-.26-.28-.52-.57-.79-.85Z\"><\/path><path class=\"cls-1\" d=\"m58.23,14.09s0,.09-.01.13c0-.04,0-.09.01-.13Z\"><\/path><path class=\"cls-1\" d=\"m34.57,12.84c.48-.03.94.37,1.31.89,1.01,1.47,1.98,2.97,3.03,4.42.24.33.7.57,1.11.7,1.63.53,3.27,1.06,4.93,1.47,1.25.31,1.72,1.61.87,2.74-1.08,1.43-2.2,2.84-3.33,4.24-.33.41-.45.83-.29,1.34.02.07.05.14.05.22.04,1.81.12,3.61.11,5.42,0,.87-1.22,1.6-2.08,1.3-1.83-.64-3.65-1.32-5.48-1.95-.27-.09-.62-.09-.9,0-1.58.53-3.14,1.09-4.71,1.64-.31.11-.62.22-.95.28-.98.19-1.9-.59-1.88-1.61.02-1.66-.09-3.34.16-4.96.19-1.19-.42-1.83-1-2.6-.94-1.26-1.86-2.54-2.82-3.78-.57-.75.06-1.97.9-2.24,1.25-.4,2.51-.76,3.76-1.13.68-.2,1.37-.38,2.05-.6.16-.05.31-.22.41-.37,1.08-1.56,2.15-3.13,3.2-4.7.32-.48.75-.69,1.53-.71Zm-4.69,18.69c.75-.27,1.42-.47,2.04-.75,1.52-.68,3.02-.98,4.61-.14.73.39,1.57.57,2.42.86,0-.26,0-.47,0-.67-.04-1.14-.08-2.29-.11-3.43,0-.18.02-.38.11-.53.38-.63.76-1.26,1.19-1.85.52-.73,1.09-1.42,1.68-2.18-.95-.28-1.78-.62-2.65-.77-1.38-.25-2.37-.93-3.06-2.15-.48-.84-1.08-1.61-1.67-2.48-.15.19-.27.32-.37.47-.57.86-1.16,1.71-1.7,2.58-.45.74-1.11,1.13-1.93,1.34-1.14.29-2.27.64-3.48.99.8,1.04,1.55,2.03,2.32,2.99.41.51.66,1.02.62,1.72-.06,1.3-.02,2.6-.02,4Z\"><\/path><\/svg>\t\t\t\t<\/span>\n\t\t\t<\/div>\n\t\t\t\n\t\t\t\t\t\t<div class=\"elementor-icon-box-content\">\n\n\t\t\t\t\t\t\t\t\t<h3 class=\"elementor-icon-box-title\">\n\t\t\t\t\t\t<span  >\n\t\t\t\t\t\t\tVISION\t\t\t\t\t\t<\/span>\n\t\t\t\t\t<\/h3>\n\t\t\t\t\n\t\t\t\t\t\t\t\t\t<p class=\"elementor-icon-box-description\">\n\t\t\t\t\t\t<b>Riveros Bazzani projects<\/b> itself as the leading law firm in comprehensive solutions of the highest quality to the legal-criminal difficulties arising in corporate contexts of the highest quality in Colombia.\t\t\t\t\t<\/p>\n\t\t\t\t\n\t\t\t<\/div>\n\t\t\t\n\t\t<\/div>\n\t\t\t\t\t\t<\/div>\n\t\t\t\t<\/div>\n\t\t\t\t\t<\/div>\n\t\t<\/div>\n\t\t\t\t<div class=\"elementor-column elementor-col-33 elementor-top-column elementor-element elementor-element-76accd5\" data-id=\"76accd5\" data-element_type=\"column\">\n\t\t\t<div class=\"elementor-widget-wrap elementor-element-populated\">\n\t\t\t\t\t\t<div class=\"elementor-element elementor-element-82b664a elementor-view-default elementor-position-block-start elementor-mobile-position-block-start elementor-widget elementor-widget-icon-box\" data-id=\"82b664a\" data-element_type=\"widget\" data-widget_type=\"icon-box.default\">\n\t\t\t\t<div class=\"elementor-widget-container\">\n\t\t\t\t\t\t\t<div class=\"elementor-icon-box-wrapper\">\n\n\t\t\t\t\t\t<div class=\"elementor-icon-box-icon\">\n\t\t\t\t<span  class=\"elementor-icon elementor-animation-grow\">\n\t\t\t\t<svg xmlns=\"http:\/\/www.w3.org\/2000\/svg\" id=\"Capa_1\" viewbox=\"0 0 67.46 71.31\"><defs><style>.cls-1{fill:#bd9459;stroke:#bd9459;stroke-miterlimit:10;stroke-width:.94px;}<\/style><\/defs><path class=\"cls-1\" d=\"m29.84,10.92c4.04.12,7.23.82,10.31,2,.56.21.58-.02.56-.44-.12-2.59.28-5.11,1.07-7.57.1-.31.21-.62.36-.91.34-.67.99-1.06,1.72-.9,1.45.31,2.74-.1,4.01-.75.81-.42,1.63-.81,2.47-1.16,2.55-1.06,5.04-.9,7.5.28.98.47,1.97.9,2.96,1.35.9.41,1.84.47,2.81.31,1.01-.16,1.68.2,2.04,1.19,1.33,3.58,1.64,7.26,1.01,11.03-1.02,6.11-4.27,10.73-9.42,14.07-.39.25-.37.5-.24.87.94,2.86,1.55,5.79,1.61,8.81.07,3.39-.52,6.66-1.64,9.85-.25.71-.24,1.2.39,1.69.49.38.91.87,1.34,1.34.82.89.89,1.94.05,2.8-2,2.06-4.05,4.07-6.1,6.08-.51.5-1.02.46-1.42.02-.42-.46-.42-.92.09-1.43,1.85-1.87,3.71-3.73,5.6-5.57.36-.35.41-.56.04-.93-1.57-1.54-3.12-3.09-4.66-4.66-.31-.31-.46-.22-.72.04-2.16,2.21-4.33,4.41-6.51,6.59-2.74,2.74-5.49,5.46-8.24,8.18-.26.26-.28.4-.02.66,1.54,1.53,3.08,3.07,4.6,4.63.37.38.62.39,1,0,1.68-1.71,3.37-3.39,5.08-5.07.74-.73,1.27-.81,1.73-.33.47.49.38,1-.34,1.72-1.75,1.76-3.5,3.51-5.26,5.26-1.19,1.18-2.23,1.18-3.44,0-.78-.76-1.53-1.54-2.29-2.32-.23-.23-.42-.35-.79-.25-4.75,1.2-9.5,1.23-14.25,0-.4-.1-.64-.03-.91.25-.77.8-1.55,1.58-2.35,2.36-1.17,1.13-2.19,1.15-3.35,0-4.97-4.93-9.94-9.87-14.9-14.81-1.16-1.15-1.14-2.21.01-3.4.44-.45.87-.92,1.34-1.34.38-.33.46-.63.28-1.13-1.24-3.43-1.88-6.97-1.73-10.61.3-6.79,2.67-12.78,7.14-17.93,4.09-4.71,9.19-7.76,15.27-9.16,2.28-.52,4.59-.69,6.2-.7Zm5.79,42.12c-1.16.06-2.25-.1-3.33.18-.4.1-.67.18-.22.62,1.77,1.74,3.51,3.5,5.26,5.26.23.23.37.23.63-.03,3.13-3.15,6.28-6.27,9.41-9.41.41-.41,1.16-.75,1.14-1.25-.02-.53-.77-.87-1.16-1.34-.28-.34-.49-.38-.82-.01-.46.52-.98.98-1.48,1.47-.41.4-.86.39-1.29.03-.42-.35-.45-.87-.09-1.34.24-.31.49-.61.77-.89,1.96-1.97,3.93-3.94,5.9-5.91.28-.28.56-.55.82-.84.6-.69.7-1.62.27-2.36-.4-.7-1.25-1.05-2.15-.88-.45.08-.78.37-1.15.6-.44.27-.84.19-1.17-.17-.32-.35-.42-.76-.13-1.19.13-.2.28-.39.4-.59.69-1.22-.01-2.64-1.4-2.87-.69-.11-1.22.17-1.73.57-.43.33-.9.36-1.3-.03-.41-.4-.44-.87-.11-1.35.07-.11.14-.22.21-.33.44-.69.43-1.4.02-2.09-.4-.68-1.01-.97-1.81-.93-.46.03-.82.2-1.19.47-.43.32-.92.46-1.36.01-.43-.43-.44-.92-.06-1.41.07-.09.13-.18.19-.27.58-.88.45-1.93-.31-2.59-.75-.65-1.84-.64-2.61.08-1.05.98-2.06,2-3.1,2.98-.26.24-.22.39.02.62.49.46.98.93,1.43,1.42.76.82,1.15,1.78,1.05,2.91-.16,1.81-1.21,3.01-3.19,3.59-.33.1-.4.2-.36.52.36,2.79-1.72,4.85-4.56,4.44-.75-.11-1.1-.13-1.39.76-.56,1.67-2.55,2.48-4.44,2.03-.35-.09-.77-.41-1.02-.31-.25.1-.29.64-.48.95-.83,1.4-2.42,2.7-4.91,1.75-.45-.17-.74-.11-1.07.25-.64.71-1.33,1.38-2.03,2.03-.29.27-.31.46-.03.74,3.33,3.31,6.66,6.63,9.97,9.96.34.35.53.25.83-.05,1.62-1.67,3.28-3.3,4.89-4.98,2.07-2.16,4.6-3.04,7.54-2.83,1.87.13,3.69.03,5.38-.91.3-.17.63-.26.99-.06.78.45.75,1.37-.1,1.87-1.75,1.04-3.67,1.29-5.58,1.11Zm-6.36-40c-4.7-.13-9.64,1.49-14.14,4.45-4.77,3.13-8.04,7.52-10.14,12.77-1.62,4.05-2,8.3-1.54,12.62.18,1.67.55,3.3,1.06,4.89.21.67.29.68.76.2.41-.42.82-.84,1.25-1.24.86-.82,1.74-.86,2.69-.14.14.11.28.22.39.35.3.35.54.3.85-.03.64-.68,1.29-1.36,1.99-1.98.42-.37.34-.59,0-.93-.87-.85-1.77-1.68-2.54-2.62-1.79-2.21-.85-5.28,1.84-6.17.37-.12.41-.25.32-.6-.15-.57-.21-1.15-.1-1.74.35-1.85,1.71-3.11,3.61-3.32.3-.03.58-.01.64-.46.27-2.2,1.52-3.47,3.66-3.74.35-.04.48-.15.5-.51.13-1.82,1.06-3.05,2.79-3.5,1.25-.32,2.55-.54,3.83-.62,1.6-.1,3.22-.04,4.83-.02.99.01,1.92.31,2.61,1.01.48.48.89.48,1.49.29,2.56-.79,4.87.73,5.17,3.4.04.4.21.48.55.55,2.17.42,3.41,1.62,3.61,3.53.05.48.21.59.66.66,2.25.36,3.3,1.46,3.56,3.73.04.37.24.38.52.42,1.27.17,2.42.58,3.13,1.74,1.05,1.71.84,3.64-.59,5.15-1.2,1.26-2.43,2.49-3.69,3.69-.39.38-.35.6.03.91.32.26.64.54.88.87.26.36.38.31.68.02.93-.92,2.05-.91,3.01,0,.43.4.83.83,1.24,1.25.49.48.51.48.7-.19.88-3.18,1.39-6.41,1.17-9.72-.15-2.31-.53-4.57-1.28-6.76-.13-.37-.26-.5-.64-.28-.53.31-1.08.26-1.61-.04-.42-.24-.84-.45-1.26-.69-5.58-3.17-9.34-7.7-10.55-14.12-.1-.52-.33-.77-.79-.97-3.33-1.39-6.79-2.12-11.14-2.08Zm35.62-1.77c-.06-1.84-.32-3.63-.81-5.41-.17-.62-.39-.74-.95-.68-.85.09-1.68-.07-2.5-.35-1.24-.43-2.38-1.05-3.57-1.59-2.07-.94-4.14-1.05-6.24-.1-.57.26-1.14.52-1.71.8-1.57.76-3.15,1.49-4.98,1.24-.31-.04-.49.09-.53.42-.03.21-.12.42-.17.63-.95,3.69-1.14,7.4.03,11.06,1.65,5.2,5.12,8.89,9.82,11.51.38.21.7.26,1.08.01.6-.39,1.25-.71,1.83-1.12,5.71-3.98,8.77-9.37,8.69-16.42Zm-46.96,57.47c.16-.03.28-.19.41-.33,1.53-1.52,3.05-3.04,4.59-4.55.33-.32.39-.5.02-.87-4.9-4.85-9.8-9.7-14.6-14.65-.31-.32-.5-.27-.78.02-1.54,1.57-3.09,3.13-4.65,4.67-.26.26-.33.42-.03.73,4.77,4.98,9.71,9.79,14.57,14.68.12.12.24.26.48.3Zm17.75-3.16c-.07-.13-.09-.2-.13-.24-1.61-1.47-1.28-2.69.11-3.96.06-.06.12-.13.19-.18.41-.25.3-.46,0-.74-1.9-1.88-3.79-3.77-5.67-5.68-.32-.33-.52-.33-.84,0-1.84,1.85-3.69,3.69-5.55,5.52-.32.32-.28.52.03.79.32.29.62.61.92.93.77.85.8,1.75.08,2.64-.24.3-.55.54-.95.92,4.04.85,7.9.96,11.82,0Zm-7.98-26.74c.87.01,1.48-.38,1.81-1.16.38-.88.14-1.65-.52-2.31-2.48-2.47-4.95-4.94-7.44-7.39-.87-.86-1.97-.86-2.78-.05-.81.81-.83,1.92-.01,2.79.58.62,1.21,1.18,1.81,1.78,1.87,1.88,3.73,3.76,5.59,5.64.43.43.91.73,1.53.7Zm-11.89-7.45c-.79,0-1.54.47-1.8,1.17-.31.84-.19,1.62.47,2.28,2.04,2.04,4.09,4.09,6.13,6.14.11.11.22.21.34.3.86.65,1.98.53,2.7-.27.67-.74.66-1.83-.04-2.61-.31-.34-.65-.64-.97-.96-1.73-1.75-3.45-3.5-5.17-5.25-.45-.46-.96-.81-1.65-.8Zm17.37.44c-.03-.51-.19-.95-.54-1.31-.4-.4-.84-.77-1.18-1.21-.53-.7-1.22-.83-2.02-.74-2.69.31-5.61-1.58-5.5-5,.01-.42-.13-.49-.51-.31-1.23.58-1.48,2.14-.48,3.18.8.83,1.63,1.63,2.44,2.45,1.44,1.45,2.86,2.92,4.31,4.36.7.69,1.5.81,2.33.41.77-.37,1.09-1.02,1.14-1.82Zm-20.19,5.16c-.81.05-1.48.35-1.84,1.12-.36.78-.28,1.55.32,2.17,1.12,1.15,2.25,2.3,3.42,3.4.88.83,1.98.78,2.8-.01.79-.77.85-1.92.03-2.8-1.05-1.13-2.16-2.2-3.27-3.28-.4-.39-.88-.64-1.47-.61Zm16.34-14.37h0c-.61,0-1.22,0-1.82,0-1.56,0-1.94.55-1.42,2.07.03.08.06.16.09.24.6,1.34,3.18,2.18,4.49,1.46.09-.05.18-.13.25-.2.65-.64,1.29-1.28,1.93-1.94.8-.82.67-1.24-.47-1.56-.23-.06-.47-.08-.71-.08-.78,0-1.56,0-2.35,0Z\"><\/path><path class=\"cls-1\" d=\"m45.66,14.33c-.06-3.81,2.88-7.36,6.63-8,4.12-.71,7.98,1.54,9.23,5.37.22.68.06,1.21-.42,1.39-.61.24-1.18-.01-1.45-.71-.84-2.14-2.34-3.5-4.6-4.02-3.58-.81-7.16,2.05-7.28,5.74-.1,3.09,1.95,5.26,4.04,6.01,2.45.87,5.31.04,6.93-2.01.33-.41.54-.89.79-1.34.35-.63.79-.82,1.32-.58.54.24.7.77.44,1.43-1.83,4.59-7.6,6.34-11.87,3.59-2.5-1.61-3.72-3.92-3.77-6.88Z\"><\/path><path class=\"cls-1\" d=\"m49.29,13.41c.05-.36.17-.7.56-.88.36-.16.72-.2,1.03.1.69.66,1.4,1.3,2.05,2,.37.39.6.35.95-.02.7-.75,1.43-1.46,2.15-2.18.17-.17.34-.34.53-.48.51-.4.99-.38,1.4.03.41.41.42.89-.05,1.38-.98,1.02-2,2-3,2.99-.32.32-.67.62-1,.94-.37.35-.77.33-1.1,0-1.09-1.06-2.16-2.14-3.24-3.21-.17-.17-.26-.4-.27-.67Z\"><\/path><\/svg>\t\t\t\t<\/span>\n\t\t\t<\/div>\n\t\t\t\n\t\t\t\t\t\t<div class=\"elementor-icon-box-content\">\n\n\t\t\t\t\t\t\t\t\t<h3 class=\"elementor-icon-box-title\">\n\t\t\t\t\t\t<span  >\n\t\t\t\t\t\t\tVALUES\t\t\t\t\t\t<\/span>\n\t\t\t\t\t<\/h3>\n\t\t\t\t\n\t\t\t\t\t\t\t\t\t<p class=\"elementor-icon-box-description\">\n\t\t\t\t\t\t<b>The knowledge and expertise of Riveros Bazzani, <\/b>allows us to identify the personal risks and business impact criminal, and act preventively before they produce irreversible damage that can seriously affect our clients, their managers and employees. \t\t\t\t\t<\/p>\n\t\t\t\t\n\t\t\t<\/div>\n\t\t\t\n\t\t<\/div>\n\t\t\t\t\t\t<\/div>\n\t\t\t\t<\/div>\n\t\t\t\t\t<\/div>\n\t\t<\/div>\n\t\t\t\t\t<\/div>\n\t\t<\/section>\n\t\t\t\t<\/div>","protected":false},"excerpt":{"rendered":"<p>LA FIRMA Riveros Bazzani Abogados es una firma Boutique que cuenta con un portafolio de servicios especializados, dise\u00f1ado para atender necesidades personales y empresariales en materias penal, disciplinaria y de evaluaci\u00f3n de riesgos empresariales. Contamos con profesionales especializados de manera conjunta, tienen m\u00e1s de 50 a\u00f1os de experiencia en el sector justicia, en la rama [&hellip;]<\/p>","protected":false},"author":1,"featured_media":0,"parent":0,"menu_order":0,"comment_status":"closed","ping_status":"closed","template":"elementor_header_footer","meta":{"footnotes":""},"class_list":["post-34","page","type-page","status-publish","hentry"],"_links":{"self":[{"href":"https:\/\/riverosbazzani.co\/en\/wp-json\/wp\/v2\/pages\/34","targetHints":{"allow":["GET"]}}],"collection":[{"href":"https:\/\/riverosbazzani.co\/en\/wp-json\/wp\/v2\/pages"}],"about":[{"href":"https:\/\/riverosbazzani.co\/en\/wp-json\/wp\/v2\/types\/page"}],"author":[{"embeddable":true,"href":"https:\/\/riverosbazzani.co\/en\/wp-json\/wp\/v2\/users\/1"}],"replies":[{"embeddable":true,"href":"https:\/\/riverosbazzani.co\/en\/wp-json\/wp\/v2\/comments?post=34"}],"version-history":[{"count":35,"href":"https:\/\/riverosbazzani.co\/en\/wp-json\/wp\/v2\/pages\/34\/revisions"}],"predecessor-version":[{"id":1073,"href":"https:\/\/riverosbazzani.co\/en\/wp-json\/wp\/v2\/pages\/34\/revisions\/1073"}],"wp:attachment":[{"href":"https:\/\/riverosbazzani.co\/en\/wp-json\/wp\/v2\/media?parent=34"}],"curies":[{"name":"wp","href":"https:\/\/api.w.org\/{rel}","templated":true}]}}