{"id":620,"date":"2023-09-03T15:02:23","date_gmt":"2023-09-03T15:02:23","guid":{"rendered":"http:\/\/riverosbazzani.co\/?page_id=620"},"modified":"2023-10-12T00:48:37","modified_gmt":"2023-10-12T00:48:37","slug":"delitos-contra-la-administracion-publica-2","status":"publish","type":"page","link":"https:\/\/riverosbazzani.co\/en\/delitos-contra-la-administracion-publica-2\/","title":{"rendered":"Crimes against the public administration"},"content":{"rendered":"<div data-elementor-type=\"wp-page\" data-elementor-id=\"620\" class=\"elementor elementor-620\" data-elementor-post-type=\"page\">\n\t\t\t\t\t\t<section class=\"elementor-section elementor-top-section elementor-element elementor-element-6d0317c elementor-section-height-min-height elementor-section-boxed elementor-section-height-default elementor-section-items-middle\" data-id=\"6d0317c\" data-element_type=\"section\" data-settings=\"{&quot;background_background&quot;:&quot;classic&quot;}\">\n\t\t\t\t\t\t<div class=\"elementor-container elementor-column-gap-default\">\n\t\t\t\t\t<div class=\"elementor-column elementor-col-100 elementor-top-column elementor-element elementor-element-a7b2cde\" data-id=\"a7b2cde\" data-element_type=\"column\">\n\t\t\t<div class=\"elementor-widget-wrap elementor-element-populated\">\n\t\t\t\t\t\t<div class=\"elementor-element elementor-element-386bae3 elementor-widget elementor-widget-heading\" data-id=\"386bae3\" data-element_type=\"widget\" data-widget_type=\"heading.default\">\n\t\t\t\t<div class=\"elementor-widget-container\">\n\t\t\t\t\t<h2 class=\"elementor-heading-title elementor-size-default\">CRIMES AGAINST THE PUBLIC ADMINISTRATION<\/h2>\t\t\t\t<\/div>\n\t\t\t\t<\/div>\n\t\t\t\t<div class=\"elementor-element elementor-element-324c3b5 elementor-widget elementor-widget-text-editor\" data-id=\"324c3b5\" data-element_type=\"widget\" data-widget_type=\"text-editor.default\">\n\t\t\t\t<div class=\"elementor-widget-container\">\n\t\t\t\t\t\t\t\t\t<p>The exercise of the public function, and the relationships between individuals and the State, are scenario that can have an impact criminal that must be faced by experts in the contracting state with experience in the complexities of this phenomenon in Colombia.<\/p><p>Aware of this reality, our firm is fully qualified to provide consulting services, advice and representation of interests of individuals, public officials and entities, when you are involved in criminal cases in respect of facts related to problems in the forms of procurement, custody and care of the public resources or abuse of power.<\/p><p>Our partners are reconocidosa for the successful management of criminal proceedings developed against high dignitaries of the State. Among them are, ministers, deputy ministers, prosecutors, officers of public bodies, mayors, governors, members of parliament and councillors, who have entrusted their criminal matters to our law firm with excellent results.<\/p><p>In addition, Riveros Bazzani has business alliances that provide services of forensic audit to have a broader picture of the situation faced by our customers and so be able to provide effective solutions.<\/p><p>Some crimes that can occur in this area are:<\/p><ul><li>Active bribery or improper; or give and offer<\/li><li>Concussion<\/li><li>Embezzlement by appropriation<\/li><li>Malfeasance by action or omission<\/li><li>Contract without compliance with legal requirements essential<\/li><li>Interest abuse in the conclusion of contracts<\/li><li>Influence peddling<\/li><li>Illicit enrichment of public server<\/li><\/ul>\t\t\t\t\t\t\t\t<\/div>\n\t\t\t\t<\/div>\n\t\t\t\t\t<\/div>\n\t\t<\/div>\n\t\t\t\t\t<\/div>\n\t\t<\/section>\n\t\t\t\t<\/div>","protected":false},"excerpt":{"rendered":"<p>DELITOS CONTRA LA ADMINISTRACI\u00d3N P\u00daBLICA El ejercicio de la funci\u00f3n p\u00fablica y las relaciones entre particulares y el Estado, son escenario que pueden llegar a tener un impacto penal que debe ser enfrentado por expertos en contrataci\u00f3n estatal con experiencia en las complejidades de este fen\u00f3meno en Colombia. Conscientes de esta realidad, nuestra firma est\u00e1 [&hellip;]<\/p>","protected":false},"author":1,"featured_media":0,"parent":0,"menu_order":0,"comment_status":"closed","ping_status":"closed","template":"elementor_header_footer","meta":{"footnotes":""},"class_list":["post-620","page","type-page","status-publish","hentry"],"_links":{"self":[{"href":"https:\/\/riverosbazzani.co\/en\/wp-json\/wp\/v2\/pages\/620","targetHints":{"allow":["GET"]}}],"collection":[{"href":"https:\/\/riverosbazzani.co\/en\/wp-json\/wp\/v2\/pages"}],"about":[{"href":"https:\/\/riverosbazzani.co\/en\/wp-json\/wp\/v2\/types\/page"}],"author":[{"embeddable":true,"href":"https:\/\/riverosbazzani.co\/en\/wp-json\/wp\/v2\/users\/1"}],"replies":[{"embeddable":true,"href":"https:\/\/riverosbazzani.co\/en\/wp-json\/wp\/v2\/comments?post=620"}],"version-history":[{"count":6,"href":"https:\/\/riverosbazzani.co\/en\/wp-json\/wp\/v2\/pages\/620\/revisions"}],"predecessor-version":[{"id":991,"href":"https:\/\/riverosbazzani.co\/en\/wp-json\/wp\/v2\/pages\/620\/revisions\/991"}],"wp:attachment":[{"href":"https:\/\/riverosbazzani.co\/en\/wp-json\/wp\/v2\/media?parent=620"}],"curies":[{"name":"wp","href":"https:\/\/api.w.org\/{rel}","templated":true}]}}